{"id":3917,"date":"2025-08-01T18:32:54","date_gmt":"2025-08-01T18:32:54","guid":{"rendered":"https:\/\/www.ilkaytrade.com.tr\/tr\/?post_type=product&#038;p=3917"},"modified":"2025-08-01T19:59:22","modified_gmt":"2025-08-01T19:59:22","slug":"fontefire-wf-clear","status":"publish","type":"product","link":"https:\/\/www.ilkaytrade.com.tr\/tr\/urun\/fontefire-wf-clear\/","title":{"rendered":"Fontefire WF Clear"},"content":{"rendered":"","protected":false},"excerpt":{"rendered":"<p data-start=\"97\" data-end=\"303\"><strong data-start=\"97\" data-end=\"209\">Ah\u015fap y\u00fczeyler \u00fczerinde m\u00fcmk\u00fcn olan en y\u00fcksek yang\u0131n geciktirici \u00f6zelli\u011fe sahip, su bazl\u0131 \u015feffaf \u015fi\u015fen lake.<\/strong><br data-start=\"209\" data-end=\"212\" \/>Is\u0131ya maruz kald\u0131\u011f\u0131nda Fontefire WF Clear genle\u015ferek yal\u0131t\u0131c\u0131 bir k\u00f6p\u00fck tabakas\u0131 olu\u015fturur.<\/p>\n<p data-start=\"305\" data-end=\"485\"><strong data-start=\"305\" data-end=\"327\">M1 s\u0131n\u0131fland\u0131rmas\u0131<\/strong>, malzemenin VOC (u\u00e7ucu organik bile\u015fik), formaldehit ve amonyak emisyonu i\u00e7in s\u0131n\u0131r de\u011ferler belirler; ayr\u0131ca malzemeye ait koku seviyesi de de\u011ferlendirilir.<\/p>\n<p data-start=\"487\" data-end=\"604\"><strong data-start=\"487\" data-end=\"512\">Yang\u0131na tepki s\u0131n\u0131f\u0131:<\/strong> B-s1, d0<br data-start=\"521\" data-end=\"524\" \/><strong data-start=\"524\" data-end=\"553\">M1 s\u0131n\u0131f\u0131 sertifikal\u0131d\u0131r.<\/strong><br data-start=\"553\" data-end=\"556\" \/>F\u0131r\u0131n ortam\u0131nda ve oda s\u0131cakl\u0131\u011f\u0131nda kuruyabilir.<\/p>\n<p data-start=\"487\" data-end=\"604\">Detayl\u0131 \u00fcr\u00fcn bilgisi i\u00e7in hemen bize ula\u015f\u0131n: 0216 540 21 00<\/p>\n","protected":false},"featured_media":3918,"template":"","meta":{"_acf_changed":false},"product_cat":[62,82,81],"product_tag":[89,90],"class_list":["post-3917","product","type-product","status-publish","has-post-thumbnail","hentry","product_cat-tikkurila-boya","product_cat-tikkurila-boya-dis-mekan","product_cat-tikkurila-boya-ic-mekan","product_tag-yangin-koruma","product_tag-yeni"],"acf":[],"_links":{"self":[{"href":"https:\/\/www.ilkaytrade.com.tr\/tr\/wp-json\/wp\/v2\/product\/3917","targetHints":{"allow":["GET"]}}],"collection":[{"href":"https:\/\/www.ilkaytrade.com.tr\/tr\/wp-json\/wp\/v2\/product"}],"about":[{"href":"https:\/\/www.ilkaytrade.com.tr\/tr\/wp-json\/wp\/v2\/types\/product"}],"wp:featuredmedia":[{"embeddable":true,"href":"https:\/\/www.ilkaytrade.com.tr\/tr\/wp-json\/wp\/v2\/media\/3918"}],"wp:attachment":[{"href":"https:\/\/www.ilkaytrade.com.tr\/tr\/wp-json\/wp\/v2\/media?parent=3917"}],"wp:term":[{"taxonomy":"product_cat","embeddable":true,"href":"https:\/\/www.ilkaytrade.com.tr\/tr\/wp-json\/wp\/v2\/product_cat?post=3917"},{"taxonomy":"product_tag","embeddable":true,"href":"https:\/\/www.ilkaytrade.com.tr\/tr\/wp-json\/wp\/v2\/product_tag?post=3917"}],"curies":[{"name":"wp","href":"https:\/\/api.w.org\/{rel}","templated":true}]}}