{"id":3915,"date":"2025-08-01T18:29:59","date_gmt":"2025-08-01T18:29:59","guid":{"rendered":"https:\/\/www.ilkaytrade.com.tr\/tr\/?post_type=product&#038;p=3915"},"modified":"2025-08-01T20:08:22","modified_gmt":"2025-08-01T20:08:22","slug":"fontefire-st-60-1","status":"publish","type":"product","link":"https:\/\/www.ilkaytrade.com.tr\/tr\/urun\/fontefire-st-60-1\/","title":{"rendered":"Fontefire ST 60-1"},"content":{"rendered":"","protected":false},"excerpt":{"rendered":"<p data-start=\"68\" data-end=\"238\"><strong data-start=\"68\" data-end=\"163\">Sel\u00fclozik yang\u0131nlara kar\u015f\u0131 etkili koruma sa\u011flayan su bazl\u0131, ince film yap\u0131l\u0131 \u015fi\u015fen kaplama.<\/strong><br data-start=\"163\" data-end=\"166\" \/>Is\u0131ya maruz kald\u0131\u011f\u0131nda genle\u015ferek yal\u0131t\u0131c\u0131 bir k\u00f6p\u00fck tabakas\u0131 olu\u015fturur.<\/p>\n<p data-start=\"240\" data-end=\"254\"><strong data-start=\"240\" data-end=\"254\">CE Sertifikal\u0131<\/strong><\/p>\n<ul data-start=\"256\" data-end=\"389\">\n<li data-start=\"256\" data-end=\"299\">\n<p data-start=\"258\" data-end=\"299\">Olduk\u00e7a rekabet\u00e7i uygulama kal\u0131nl\u0131klar\u0131<\/p>\n<\/li>\n<li data-start=\"300\" data-end=\"333\">\n<p data-start=\"302\" data-end=\"333\">M\u00fckemmel uygulama \u00f6zellikleri<\/p>\n<\/li>\n<li data-start=\"334\" data-end=\"389\">\n<p data-start=\"336\" data-end=\"389\">Yar\u0131 a\u00e7\u0131k (yar\u0131 d\u0131\u015f mek\u00e2n) ko\u015fullarda kullan\u0131ma uygun<\/p>\n<\/li>\n<\/ul>\n<p>Detayl\u0131 \u00fcr\u00fcn bilgisi i\u00e7in hemen bize ula\u015f\u0131n: 0216 540 21 00<\/p>\n","protected":false},"featured_media":3916,"template":"","meta":{"_acf_changed":false},"product_cat":[62],"product_tag":[89,90],"class_list":["post-3915","product","type-product","status-publish","has-post-thumbnail","hentry","product_cat-tikkurila-boya","product_tag-yangin-koruma","product_tag-yeni"],"acf":[],"_links":{"self":[{"href":"https:\/\/www.ilkaytrade.com.tr\/tr\/wp-json\/wp\/v2\/product\/3915","targetHints":{"allow":["GET"]}}],"collection":[{"href":"https:\/\/www.ilkaytrade.com.tr\/tr\/wp-json\/wp\/v2\/product"}],"about":[{"href":"https:\/\/www.ilkaytrade.com.tr\/tr\/wp-json\/wp\/v2\/types\/product"}],"wp:featuredmedia":[{"embeddable":true,"href":"https:\/\/www.ilkaytrade.com.tr\/tr\/wp-json\/wp\/v2\/media\/3916"}],"wp:attachment":[{"href":"https:\/\/www.ilkaytrade.com.tr\/tr\/wp-json\/wp\/v2\/media?parent=3915"}],"wp:term":[{"taxonomy":"product_cat","embeddable":true,"href":"https:\/\/www.ilkaytrade.com.tr\/tr\/wp-json\/wp\/v2\/product_cat?post=3915"},{"taxonomy":"product_tag","embeddable":true,"href":"https:\/\/www.ilkaytrade.com.tr\/tr\/wp-json\/wp\/v2\/product_tag?post=3915"}],"curies":[{"name":"wp","href":"https:\/\/api.w.org\/{rel}","templated":true}]}}