{"id":3913,"date":"2025-08-01T18:16:03","date_gmt":"2025-08-01T18:16:03","guid":{"rendered":"https:\/\/www.ilkaytrade.com.tr\/tr\/?post_type=product&#038;p=3913"},"modified":"2025-08-01T20:08:54","modified_gmt":"2025-08-01T20:08:54","slug":"fontefire-wf","status":"publish","type":"product","link":"https:\/\/www.ilkaytrade.com.tr\/tr\/urun\/fontefire-wf\/","title":{"rendered":"Fontefire WF"},"content":{"rendered":"","protected":false},"excerpt":{"rendered":"<p><strong data-start=\"158\" data-end=\"240\">Fontefire WF \u2014 \u0130\u00e7 mekandaki ah\u015fap y\u00fczeyler i\u00e7in y\u00fcksek yang\u0131n dayan\u0131m\u0131 sa\u011flar.<\/strong><\/p>\n<p><br data-start=\"240\" data-end=\"243\" \/>Su bazl\u0131 form\u00fcl\u00fc, \u0131s\u0131ya maruz kald\u0131\u011f\u0131nda genle\u015ferek yal\u0131t\u0131c\u0131 bir k\u00f6p\u00fck tabakas\u0131 olu\u015fturur.<\/p>\n<p><strong data-start=\"336\" data-end=\"370\">Yang\u0131na tepki s\u0131n\u0131f\u0131: B-s1, d0<\/strong><\/p>\n<p>Detayl\u0131 \u00fcr\u00fcn bilgisi i\u00e7in hemen bizimle ileti\u015fime ge\u00e7in: <strong>0216 540 21 00<\/strong><\/p>\n","protected":false},"featured_media":3914,"template":"","meta":{"_acf_changed":false},"product_cat":[62],"product_tag":[89,90],"class_list":["post-3913","product","type-product","status-publish","has-post-thumbnail","hentry","product_cat-tikkurila-boya","product_tag-yangin-koruma","product_tag-yeni"],"acf":[],"_links":{"self":[{"href":"https:\/\/www.ilkaytrade.com.tr\/tr\/wp-json\/wp\/v2\/product\/3913","targetHints":{"allow":["GET"]}}],"collection":[{"href":"https:\/\/www.ilkaytrade.com.tr\/tr\/wp-json\/wp\/v2\/product"}],"about":[{"href":"https:\/\/www.ilkaytrade.com.tr\/tr\/wp-json\/wp\/v2\/types\/product"}],"wp:featuredmedia":[{"embeddable":true,"href":"https:\/\/www.ilkaytrade.com.tr\/tr\/wp-json\/wp\/v2\/media\/3914"}],"wp:attachment":[{"href":"https:\/\/www.ilkaytrade.com.tr\/tr\/wp-json\/wp\/v2\/media?parent=3913"}],"wp:term":[{"taxonomy":"product_cat","embeddable":true,"href":"https:\/\/www.ilkaytrade.com.tr\/tr\/wp-json\/wp\/v2\/product_cat?post=3913"},{"taxonomy":"product_tag","embeddable":true,"href":"https:\/\/www.ilkaytrade.com.tr\/tr\/wp-json\/wp\/v2\/product_tag?post=3913"}],"curies":[{"name":"wp","href":"https:\/\/api.w.org\/{rel}","templated":true}]}}