{"id":3716,"date":"2024-02-01T17:15:39","date_gmt":"2024-02-01T17:15:39","guid":{"rendered":"https:\/\/www.ilkaytrade.com.tr\/tr\/?post_type=product&#038;p=3716"},"modified":"2024-02-01T18:07:06","modified_gmt":"2024-02-01T18:07:06","slug":"yuzey-duzlestirici-alet","status":"publish","type":"product","link":"https:\/\/www.ilkaytrade.com.tr\/tr\/urun\/yuzey-duzlestirici-alet\/","title":{"rendered":"Y\u00fczey D\u00fczle\u015ftirici Alet"},"content":{"rendered":"<p><iframe width=\"560\" height=\"315\" src=\"https:\/\/www.youtube.com\/embed\/xhL3wwMGrPo?si=u_P47eXfCV8hR9kD\" title=\"YouTube video player\" frameborder=\"0\" allow=\"accelerometer; autoplay; clipboard-write; encrypted-media; gyroscope; picture-in-picture; web-share\" allowfullscreen><\/iframe><\/p>\n","protected":false},"excerpt":{"rendered":"<p>Sert mum uygulamas\u0131 i\u00e7in kullan\u0131m\u0131 kolay y\u00fczey e\u015fitleme aleti. \u00a0Sert tamir mumunu uyguland\u0131ktan sonra kaz\u0131mak i\u00e7in y\u00fczey e\u015fitleyici aleti kullan\u0131n. Uygulama yapt\u0131ktan sonra ah\u015fap y\u00fczeyinin d\u00fczle\u015ftirmesi i\u00e7in kullan\u0131l\u0131r.<\/p>\n<ul>\n<li>Sert mum tamirleri i\u00e7in yard\u0131mc\u0131d\u0131r<\/li>\n<li>Sert plastikten \u00fcretilmi\u015ftir<\/li>\n<li>Kolay Kullan\u0131m<\/li>\n<\/ul>\n","protected":false},"featured_media":3674,"template":"","meta":{"_acf_changed":false},"product_cat":[66],"product_tag":[],"class_list":["post-3716","product","type-product","status-publish","has-post-thumbnail","hentry","product_cat-wood-repair-macun"],"acf":[],"_links":{"self":[{"href":"https:\/\/www.ilkaytrade.com.tr\/tr\/wp-json\/wp\/v2\/product\/3716","targetHints":{"allow":["GET"]}}],"collection":[{"href":"https:\/\/www.ilkaytrade.com.tr\/tr\/wp-json\/wp\/v2\/product"}],"about":[{"href":"https:\/\/www.ilkaytrade.com.tr\/tr\/wp-json\/wp\/v2\/types\/product"}],"wp:featuredmedia":[{"embeddable":true,"href":"https:\/\/www.ilkaytrade.com.tr\/tr\/wp-json\/wp\/v2\/media\/3674"}],"wp:attachment":[{"href":"https:\/\/www.ilkaytrade.com.tr\/tr\/wp-json\/wp\/v2\/media?parent=3716"}],"wp:term":[{"taxonomy":"product_cat","embeddable":true,"href":"https:\/\/www.ilkaytrade.com.tr\/tr\/wp-json\/wp\/v2\/product_cat?post=3716"},{"taxonomy":"product_tag","embeddable":true,"href":"https:\/\/www.ilkaytrade.com.tr\/tr\/wp-json\/wp\/v2\/product_tag?post=3716"}],"curies":[{"name":"wp","href":"https:\/\/api.w.org\/{rel}","templated":true}]}}