{"id":3715,"date":"2024-02-01T17:14:34","date_gmt":"2024-02-01T17:14:34","guid":{"rendered":"https:\/\/www.ilkaytrade.com.tr\/tr\/?post_type=product&#038;p=3715"},"modified":"2024-02-01T18:10:52","modified_gmt":"2024-02-01T18:10:52","slug":"yumusak-tamir-mumu","status":"publish","type":"product","link":"https:\/\/www.ilkaytrade.com.tr\/tr\/urun\/yumusak-tamir-mumu\/","title":{"rendered":"Yumu\u015fak Tamir Mumu"},"content":{"rendered":"<p><iframe width=\"560\" height=\"315\" src=\"https:\/\/www.youtube.com\/embed\/ftJE15LVUcU?si=b--EEC-Bp0wuyBfc\" title=\"YouTube video player\" frameborder=\"0\" allow=\"accelerometer; autoplay; clipboard-write; encrypted-media; gyroscope; picture-in-picture; web-share\" allowfullscreen><\/iframe><\/p>\n","protected":false},"excerpt":{"rendered":"<p>Mohawk Yumu\u015fak tamir mumu, kaplama, melamin vb. malzemelerde olu\u015fan k\u00fc\u00e7\u00fck \u00e7iziklerin tamiri i\u00e7in etkili ve kal\u0131c\u0131 \u00e7\u00f6z\u00fcmd\u00fcr. 50&#8217;den fazla farkl\u0131 renk se\u00e7ene\u011fine sahiptir.<\/p>\n<ul>\n<li>Her t\u00fcrl\u00fc y\u00fczeyde uygulanabilir<\/li>\n<li>H\u0131zl\u0131 tamir uygulanabilme olana\u011f\u0131 sa\u011flar<\/li>\n<li>K\u00fc\u00e7\u00fck ve ince \u00e7atlaklar\u0131n doldurulmas\u0131 i\u00e7in idealdir<\/li>\n<li>Kolay Kullan\u0131m<\/li>\n<\/ul>\n","protected":false},"featured_media":3729,"template":"","meta":{"_acf_changed":false},"product_cat":[66],"product_tag":[],"class_list":["post-3715","product","type-product","status-publish","has-post-thumbnail","hentry","product_cat-wood-repair-macun"],"acf":[],"_links":{"self":[{"href":"https:\/\/www.ilkaytrade.com.tr\/tr\/wp-json\/wp\/v2\/product\/3715","targetHints":{"allow":["GET"]}}],"collection":[{"href":"https:\/\/www.ilkaytrade.com.tr\/tr\/wp-json\/wp\/v2\/product"}],"about":[{"href":"https:\/\/www.ilkaytrade.com.tr\/tr\/wp-json\/wp\/v2\/types\/product"}],"wp:featuredmedia":[{"embeddable":true,"href":"https:\/\/www.ilkaytrade.com.tr\/tr\/wp-json\/wp\/v2\/media\/3729"}],"wp:attachment":[{"href":"https:\/\/www.ilkaytrade.com.tr\/tr\/wp-json\/wp\/v2\/media?parent=3715"}],"wp:term":[{"taxonomy":"product_cat","embeddable":true,"href":"https:\/\/www.ilkaytrade.com.tr\/tr\/wp-json\/wp\/v2\/product_cat?post=3715"},{"taxonomy":"product_tag","embeddable":true,"href":"https:\/\/www.ilkaytrade.com.tr\/tr\/wp-json\/wp\/v2\/product_tag?post=3715"}],"curies":[{"name":"wp","href":"https:\/\/api.w.org\/{rel}","templated":true}]}}