{"id":3714,"date":"2024-02-01T17:13:00","date_gmt":"2024-02-01T17:13:00","guid":{"rendered":"https:\/\/www.ilkaytrade.com.tr\/tr\/?post_type=product&#038;p=3714"},"modified":"2024-02-01T18:16:59","modified_gmt":"2024-02-01T18:16:59","slug":"yumusak-tamir-mum-takimi","status":"publish","type":"product","link":"https:\/\/www.ilkaytrade.com.tr\/tr\/urun\/yumusak-tamir-mum-takimi\/","title":{"rendered":"Yumu\u015fak Tamir Mum Tak\u0131m\u0131"},"content":{"rendered":"<p><iframe width=\"560\" height=\"315\" src=\"https:\/\/www.youtube.com\/embed\/ftJE15LVUcU?si=GcNDYfhNBbmMjTCX\" title=\"YouTube video player\" frameborder=\"0\" allow=\"accelerometer; autoplay; clipboard-write; encrypted-media; gyroscope; picture-in-picture; web-share\" allowfullscreen><\/iframe><\/p>\n","protected":false},"excerpt":{"rendered":"<p>Mohawk Yumu\u015fak Mum Kit (M230-1250), ah\u015fap ve ah\u015fap y\u00fczeylerde r\u00f6tu\u015f tamirleri i\u00e7in kullan\u0131m kolayl\u0131\u011f\u0131 sa\u011flar. 12 farkl\u0131 renk yumu\u015fak tamir mumu i\u00e7erir. Yumu\u015fak tamir mumu kiti, 10 farkl\u0131 ah\u015fap tonuyla beraber siyah ve beyaz renkleri de i\u00e7erir.<\/p>\n<ul>\n<li>Parlak y\u00fczeylerde kullan\u0131labilir<\/li>\n<li>Kolay kullan\u0131m<\/li>\n<li>K\u0131lcal \u00e7atlakl\u0131 y\u00fczeyler i\u00e7in idealdir<\/li>\n<li>H\u0131zl\u0131 uygulama ve sonu\u00e7<\/li>\n<\/ul>\n","protected":false},"featured_media":3669,"template":"","meta":{"_acf_changed":false},"product_cat":[66],"product_tag":[],"class_list":["post-3714","product","type-product","status-publish","has-post-thumbnail","hentry","product_cat-wood-repair-macun"],"acf":[],"_links":{"self":[{"href":"https:\/\/www.ilkaytrade.com.tr\/tr\/wp-json\/wp\/v2\/product\/3714","targetHints":{"allow":["GET"]}}],"collection":[{"href":"https:\/\/www.ilkaytrade.com.tr\/tr\/wp-json\/wp\/v2\/product"}],"about":[{"href":"https:\/\/www.ilkaytrade.com.tr\/tr\/wp-json\/wp\/v2\/types\/product"}],"wp:featuredmedia":[{"embeddable":true,"href":"https:\/\/www.ilkaytrade.com.tr\/tr\/wp-json\/wp\/v2\/media\/3669"}],"wp:attachment":[{"href":"https:\/\/www.ilkaytrade.com.tr\/tr\/wp-json\/wp\/v2\/media?parent=3714"}],"wp:term":[{"taxonomy":"product_cat","embeddable":true,"href":"https:\/\/www.ilkaytrade.com.tr\/tr\/wp-json\/wp\/v2\/product_cat?post=3714"},{"taxonomy":"product_tag","embeddable":true,"href":"https:\/\/www.ilkaytrade.com.tr\/tr\/wp-json\/wp\/v2\/product_tag?post=3714"}],"curies":[{"name":"wp","href":"https:\/\/api.w.org\/{rel}","templated":true}]}}