{"id":3713,"date":"2024-02-01T17:11:47","date_gmt":"2024-02-01T17:11:47","guid":{"rendered":"https:\/\/www.ilkaytrade.com.tr\/tr\/?post_type=product&#038;p=3713"},"modified":"2024-02-01T18:18:15","modified_gmt":"2024-02-01T18:18:15","slug":"wood-repair-profesyonel-kit","status":"publish","type":"product","link":"https:\/\/www.ilkaytrade.com.tr\/tr\/urun\/wood-repair-profesyonel-kit\/","title":{"rendered":"Wood Repair Profesyonel Kit"},"content":{"rendered":"<p><iframe width=\"560\" height=\"315\" src=\"https:\/\/www.youtube.com\/embed\/HjfPGeaF020?si=56A-vABIatykzbrC\" title=\"YouTube video player\" frameborder=\"0\" allow=\"accelerometer; autoplay; clipboard-write; encrypted-media; gyroscope; picture-in-picture; web-share\" allowfullscreen><\/iframe><\/p>\n","protected":false},"excerpt":{"rendered":"<p>Profesyonel ah\u015fap tamir kiti. Wood Repair Pro Kit, ah\u015fapta profesyonel ve m\u00fckemmel tamirler yapmak i\u00e7in ihtiyac\u0131n\u0131z olan her \u015feyi i\u00e7erir. Wood Repair Pro Kit end\u00fcstriyel kullan\u0131m i\u00e7in idealdir.<\/p>\n<p><em>\u0130\u00e7erik:<\/em><\/p>\n<ul>\n<li>\u00a01 x Is\u0131 ayarl\u0131 Knot Filler uygulama tabancas\u0131<\/li>\n<li>\u00a01 x So\u011futma demiri<\/li>\n<li>\u00a01 x keski<\/li>\n<li>\u00a01 x Knot Filler po\u015fet<\/li>\n<li>\u00a0Geni\u015f renk kartelas\u0131na sahiptir<\/li>\n<\/ul>\n","protected":false},"featured_media":3681,"template":"","meta":{"_acf_changed":false},"product_cat":[66],"product_tag":[],"class_list":["post-3713","product","type-product","status-publish","has-post-thumbnail","hentry","product_cat-wood-repair-macun"],"acf":[],"_links":{"self":[{"href":"https:\/\/www.ilkaytrade.com.tr\/tr\/wp-json\/wp\/v2\/product\/3713","targetHints":{"allow":["GET"]}}],"collection":[{"href":"https:\/\/www.ilkaytrade.com.tr\/tr\/wp-json\/wp\/v2\/product"}],"about":[{"href":"https:\/\/www.ilkaytrade.com.tr\/tr\/wp-json\/wp\/v2\/types\/product"}],"wp:featuredmedia":[{"embeddable":true,"href":"https:\/\/www.ilkaytrade.com.tr\/tr\/wp-json\/wp\/v2\/media\/3681"}],"wp:attachment":[{"href":"https:\/\/www.ilkaytrade.com.tr\/tr\/wp-json\/wp\/v2\/media?parent=3713"}],"wp:term":[{"taxonomy":"product_cat","embeddable":true,"href":"https:\/\/www.ilkaytrade.com.tr\/tr\/wp-json\/wp\/v2\/product_cat?post=3713"},{"taxonomy":"product_tag","embeddable":true,"href":"https:\/\/www.ilkaytrade.com.tr\/tr\/wp-json\/wp\/v2\/product_tag?post=3713"}],"curies":[{"name":"wp","href":"https:\/\/api.w.org\/{rel}","templated":true}]}}