{"id":3712,"date":"2024-02-01T17:10:23","date_gmt":"2024-02-01T17:10:23","guid":{"rendered":"https:\/\/www.ilkaytrade.com.tr\/tr\/?post_type=product&#038;p=3712"},"modified":"2024-02-01T18:19:10","modified_gmt":"2024-02-01T18:19:10","slug":"wood-repair-profesyonel-kablosuz-tabanca-kiti","status":"publish","type":"product","link":"https:\/\/www.ilkaytrade.com.tr\/tr\/urun\/wood-repair-profesyonel-kablosuz-tabanca-kiti\/","title":{"rendered":"Wood Repair Profesyonel Kablosuz Tabanca Kiti"},"content":{"rendered":"<p><iframe width=\"560\" height=\"315\" src=\"https:\/\/www.youtube.com\/embed\/DXAs3zGwpJw?si=eJKmI53V4zntUe6J\" title=\"YouTube video player\" frameborder=\"0\" allow=\"accelerometer; autoplay; clipboard-write; encrypted-media; gyroscope; picture-in-picture; web-share\" allowfullscreen><\/iframe><\/p>\n","protected":false},"excerpt":{"rendered":"<p>Knot Filler uygulamas\u0131 i\u00e7in kablosuz, profesyonel ah\u015fap tamir tak\u0131m\u0131. Bu eksiksiz ah\u015fap tamir seti\u00a0 Knot Filler ile m\u00fckemmel tamirler yapmak i\u00e7in gerekli her \u015feyi i\u00e7erir. Kablosuz knot filler tabancas\u0131, istedi\u011finiz yerde tamirat yapmak i\u00e7in hareket \u00f6zg\u00fcrl\u00fc\u011f\u00fc sa\u011flar.<\/p>\n<ul>\n<li>Kullan\u0131m\u0131 kolay\u200b<\/li>\n<li>Knot Filler uygulamas\u0131 i\u00e7in kablosuz, profesyonel ah\u015fap tamir tak\u0131m\u0131<\/li>\n<li>Hareket \u00f6zg\u00fcrl\u00fc\u011f\u00fc sa\u011flar<\/li>\n<li>Otomatik \u0131s\u0131 ayarl\u0131<\/li>\n<li>Yard\u0131mc\u0131 aletler paket i\u00e7indedir<\/li>\n<\/ul>\n<p><em>\u0130\u00e7erik:\u00a0<\/em><\/p>\n<ul>\n<li>\u00a01 x BCD 540 \u015earjl\u0131 tabanca<\/li>\n<li>\u00a01 x Knot Filler po\u015fet, renk: Ceviz<\/li>\n<li>\u00a01 x So\u011futma demiri<\/li>\n<li>\u00a01 x keski<\/li>\n<li>\u00a0 Sert plastik k\u0131l\u0131f<\/li>\n<\/ul>\n","protected":false},"featured_media":3680,"template":"","meta":{"_acf_changed":false},"product_cat":[66],"product_tag":[],"class_list":["post-3712","product","type-product","status-publish","has-post-thumbnail","hentry","product_cat-wood-repair-macun"],"acf":[],"_links":{"self":[{"href":"https:\/\/www.ilkaytrade.com.tr\/tr\/wp-json\/wp\/v2\/product\/3712","targetHints":{"allow":["GET"]}}],"collection":[{"href":"https:\/\/www.ilkaytrade.com.tr\/tr\/wp-json\/wp\/v2\/product"}],"about":[{"href":"https:\/\/www.ilkaytrade.com.tr\/tr\/wp-json\/wp\/v2\/types\/product"}],"wp:featuredmedia":[{"embeddable":true,"href":"https:\/\/www.ilkaytrade.com.tr\/tr\/wp-json\/wp\/v2\/media\/3680"}],"wp:attachment":[{"href":"https:\/\/www.ilkaytrade.com.tr\/tr\/wp-json\/wp\/v2\/media?parent=3712"}],"wp:term":[{"taxonomy":"product_cat","embeddable":true,"href":"https:\/\/www.ilkaytrade.com.tr\/tr\/wp-json\/wp\/v2\/product_cat?post=3712"},{"taxonomy":"product_tag","embeddable":true,"href":"https:\/\/www.ilkaytrade.com.tr\/tr\/wp-json\/wp\/v2\/product_tag?post=3712"}],"curies":[{"name":"wp","href":"https:\/\/api.w.org\/{rel}","templated":true}]}}