{"id":3711,"date":"2024-02-01T17:07:37","date_gmt":"2024-02-01T17:07:37","guid":{"rendered":"https:\/\/www.ilkaytrade.com.tr\/tr\/?post_type=product&#038;p=3711"},"modified":"2024-02-01T18:20:25","modified_gmt":"2024-02-01T18:20:25","slug":"wood-repair-plus-kit","status":"publish","type":"product","link":"https:\/\/www.ilkaytrade.com.tr\/tr\/urun\/wood-repair-plus-kit\/","title":{"rendered":"Wood Repair PLUS+ Kit"},"content":{"rendered":"<p><iframe width=\"560\" height=\"315\" src=\"https:\/\/www.youtube.com\/embed\/WHeCMc4qkEs?si=dyQyjP7weofwqPu1\" title=\"YouTube video player\" frameborder=\"0\" allow=\"accelerometer; autoplay; clipboard-write; encrypted-media; gyroscope; picture-in-picture; web-share\" allowfullscreen><\/iframe><\/p>\n","protected":false},"excerpt":{"rendered":"<p>Marangozlar veya hobi ama\u00e7l\u0131 ah\u015fap i\u015fiyle u\u011fra\u015fanlar i\u00e7in idealdir. Bu komple kompakt kit kusursuz knot filler tamirleri yapmak i\u00e7in i\u00e7inde her \u015feyi bar\u0131nd\u0131r\u0131r.<\/p>\n<p><em>\u0130\u00e7erik:<\/em><\/p>\n<ul>\n<li>1 po\u015fet\u2019de 8 knot filler \u00e7ubuk, 150 mm, \u00d812mm<\/li>\n<li>1x BCD 180 Knot Filler tabanca (170\u00b0C fix)<\/li>\n<li>2 x Kompakt Knot filler ( Mix 1 ve Mix 2)<\/li>\n<li>\u00a02x k\u00fc\u00e7\u00fck so\u011futma demiri<\/li>\n<li>\u00a01x keski<\/li>\n<li>\u00a01x Knot Filler Silikon kap<\/li>\n<\/ul>\n","protected":false},"featured_media":3679,"template":"","meta":{"_acf_changed":false},"product_cat":[66],"product_tag":[],"class_list":["post-3711","product","type-product","status-publish","has-post-thumbnail","hentry","product_cat-wood-repair-macun"],"acf":[],"_links":{"self":[{"href":"https:\/\/www.ilkaytrade.com.tr\/tr\/wp-json\/wp\/v2\/product\/3711","targetHints":{"allow":["GET"]}}],"collection":[{"href":"https:\/\/www.ilkaytrade.com.tr\/tr\/wp-json\/wp\/v2\/product"}],"about":[{"href":"https:\/\/www.ilkaytrade.com.tr\/tr\/wp-json\/wp\/v2\/types\/product"}],"wp:featuredmedia":[{"embeddable":true,"href":"https:\/\/www.ilkaytrade.com.tr\/tr\/wp-json\/wp\/v2\/media\/3679"}],"wp:attachment":[{"href":"https:\/\/www.ilkaytrade.com.tr\/tr\/wp-json\/wp\/v2\/media?parent=3711"}],"wp:term":[{"taxonomy":"product_cat","embeddable":true,"href":"https:\/\/www.ilkaytrade.com.tr\/tr\/wp-json\/wp\/v2\/product_cat?post=3711"},{"taxonomy":"product_tag","embeddable":true,"href":"https:\/\/www.ilkaytrade.com.tr\/tr\/wp-json\/wp\/v2\/product_tag?post=3711"}],"curies":[{"name":"wp","href":"https:\/\/api.w.org\/{rel}","templated":true}]}}