{"id":3710,"date":"2024-02-01T17:04:25","date_gmt":"2024-02-01T17:04:25","guid":{"rendered":"https:\/\/www.ilkaytrade.com.tr\/tr\/?post_type=product&#038;p=3710"},"modified":"2024-02-01T18:21:19","modified_gmt":"2024-02-01T18:21:19","slug":"wood-repair-kucuk-tamir-takimi","status":"publish","type":"product","link":"https:\/\/www.ilkaytrade.com.tr\/tr\/urun\/wood-repair-kucuk-tamir-takimi\/","title":{"rendered":"Wood Repair K\u00fc\u00e7\u00fck Tamir Tak\u0131m\u0131"},"content":{"rendered":"<p><iframe width=\"560\" height=\"315\" src=\"https:\/\/www.youtube.com\/embed\/WHeCMc4qkEs?si=N535bn_b7CEtwIsZ\" title=\"YouTube video player\" frameborder=\"0\" allow=\"accelerometer; autoplay; clipboard-write; encrypted-media; gyroscope; picture-in-picture; web-share\" allowfullscreen><\/iframe><\/p>\n","protected":false},"excerpt":{"rendered":"<p>Bu temel ah\u015fap tamir tak\u0131m\u0131 hobi olarak ah\u015fap ile u\u011fra\u015fanlar i\u00e7in idealdir. Ah\u015fap pencere ve marangozlar, bak\u0131m i\u015fleri vb. i\u00e7in uygundur. Bu ah\u015fap tamir kiti ile Knot Filler tamiri yapmak i\u00e7in en temel kite sahipsiniz. BCD180 Knot Filler tabancas\u0131 ve Refill knot filler paketi ile birlikte gelir. Ekstra aletler i\u00e7in di\u011fer \u00fcr\u00fcnlerimize bakabilirsiniz.<\/p>\n<p><em>\u0130\u00e7erik:<\/em><br \/>\n\u2022 1 x Knot filler refill po\u015fet<br \/>\n\u2022 1 x BCD 180 Knot filler tabanca<\/p>\n","protected":false},"featured_media":3678,"template":"","meta":{"_acf_changed":false},"product_cat":[66],"product_tag":[],"class_list":["post-3710","product","type-product","status-publish","has-post-thumbnail","hentry","product_cat-wood-repair-macun"],"acf":[],"_links":{"self":[{"href":"https:\/\/www.ilkaytrade.com.tr\/tr\/wp-json\/wp\/v2\/product\/3710","targetHints":{"allow":["GET"]}}],"collection":[{"href":"https:\/\/www.ilkaytrade.com.tr\/tr\/wp-json\/wp\/v2\/product"}],"about":[{"href":"https:\/\/www.ilkaytrade.com.tr\/tr\/wp-json\/wp\/v2\/types\/product"}],"wp:featuredmedia":[{"embeddable":true,"href":"https:\/\/www.ilkaytrade.com.tr\/tr\/wp-json\/wp\/v2\/media\/3678"}],"wp:attachment":[{"href":"https:\/\/www.ilkaytrade.com.tr\/tr\/wp-json\/wp\/v2\/media?parent=3710"}],"wp:term":[{"taxonomy":"product_cat","embeddable":true,"href":"https:\/\/www.ilkaytrade.com.tr\/tr\/wp-json\/wp\/v2\/product_cat?post=3710"},{"taxonomy":"product_tag","embeddable":true,"href":"https:\/\/www.ilkaytrade.com.tr\/tr\/wp-json\/wp\/v2\/product_tag?post=3710"}],"curies":[{"name":"wp","href":"https:\/\/api.w.org\/{rel}","templated":true}]}}