{"id":3709,"date":"2024-02-01T17:03:23","date_gmt":"2024-02-01T17:03:23","guid":{"rendered":"https:\/\/www.ilkaytrade.com.tr\/tr\/?post_type=product&#038;p=3709"},"modified":"2024-02-01T18:22:19","modified_gmt":"2024-02-01T18:22:19","slug":"toz-macun-sertlestirici","status":"publish","type":"product","link":"https:\/\/www.ilkaytrade.com.tr\/tr\/urun\/toz-macun-sertlestirici\/","title":{"rendered":"Toz Macun Sertle\u015ftirici"},"content":{"rendered":"<p><iframe width=\"560\" height=\"315\" src=\"https:\/\/www.youtube.com\/embed\/i4-bNXyCD2k?si=p-iXcF9FkA4dN6zy\" title=\"YouTube video player\" frameborder=\"0\" allow=\"accelerometer; autoplay; clipboard-write; encrypted-media; gyroscope; picture-in-picture; web-share\" allowfullscreen><\/iframe><\/p>\n","protected":false},"excerpt":{"rendered":"<p>Toz macun sertle\u015ftirici, toz macun i\u00e7in iyi bir tamamlay\u0131c\u0131d\u0131r. Toz Sertle\u015ftirici, toz ah\u015fap dolgusunu daha dayan\u0131kl\u0131 hale getirir. Toz Sertle\u015ftiricinin kullan\u0131m\u0131 kolayd\u0131r. Toz Sertle\u015ftiriciyi Toz Dolgu ve suyla kar\u0131\u015ft\u0131r\u0131rken a\u015fa\u011f\u0131daki y\u00f6nergeleri izleyin. \u00d6zellikle ah\u015fap parke \u00fcretiminde kullan\u0131lan f\u0131r\u00e7alama uygulamalar\u0131 i\u00e7in kullan\u0131m\u0131n\u0131 tavsiye ederiz.<\/p>\n<ul>\n<li>Toz Dolgu dayan\u0131kl\u0131l\u0131\u011f\u0131n\u0131 artt\u0131r\u0131r<\/li>\n<li>Toz Dolgular\u0131n suya kar\u015f\u0131 direncini artt\u0131r\u0131r<\/li>\n<li>Toz Dolgunun kuruma s\u00fcresini h\u0131zland\u0131r\u0131r<\/li>\n<li>750 ml plastik \u015fi\u015fe<\/li>\n<li>Kar\u0131\u015f\u0131m oran\u0131: 3 \u00f6l\u00e7\u00fc Toz Filler, 1 \u00f6l\u00e7\u00fc su (suyun% 10-20&#8217;si Toz Sertle\u015ftirici ile de\u011fi\u015ftirilmelidir)<\/li>\n<\/ul>\n","protected":false},"featured_media":3724,"template":"","meta":{"_acf_changed":false},"product_cat":[66],"product_tag":[],"class_list":["post-3709","product","type-product","status-publish","has-post-thumbnail","hentry","product_cat-wood-repair-macun"],"acf":[],"_links":{"self":[{"href":"https:\/\/www.ilkaytrade.com.tr\/tr\/wp-json\/wp\/v2\/product\/3709","targetHints":{"allow":["GET"]}}],"collection":[{"href":"https:\/\/www.ilkaytrade.com.tr\/tr\/wp-json\/wp\/v2\/product"}],"about":[{"href":"https:\/\/www.ilkaytrade.com.tr\/tr\/wp-json\/wp\/v2\/types\/product"}],"wp:featuredmedia":[{"embeddable":true,"href":"https:\/\/www.ilkaytrade.com.tr\/tr\/wp-json\/wp\/v2\/media\/3724"}],"wp:attachment":[{"href":"https:\/\/www.ilkaytrade.com.tr\/tr\/wp-json\/wp\/v2\/media?parent=3709"}],"wp:term":[{"taxonomy":"product_cat","embeddable":true,"href":"https:\/\/www.ilkaytrade.com.tr\/tr\/wp-json\/wp\/v2\/product_cat?post=3709"},{"taxonomy":"product_tag","embeddable":true,"href":"https:\/\/www.ilkaytrade.com.tr\/tr\/wp-json\/wp\/v2\/product_tag?post=3709"}],"curies":[{"name":"wp","href":"https:\/\/api.w.org\/{rel}","templated":true}]}}