{"id":3708,"date":"2024-02-01T17:02:00","date_gmt":"2024-02-01T17:02:00","guid":{"rendered":"https:\/\/www.ilkaytrade.com.tr\/tr\/?post_type=product&#038;p=3708"},"modified":"2024-02-01T18:23:21","modified_gmt":"2024-02-01T18:23:21","slug":"toz-macun-dolgu","status":"publish","type":"product","link":"https:\/\/www.ilkaytrade.com.tr\/tr\/urun\/toz-macun-dolgu\/","title":{"rendered":"Toz Macun Dolgu"},"content":{"rendered":"<p><iframe width=\"560\" height=\"315\" src=\"https:\/\/www.youtube.com\/embed\/i4-bNXyCD2k?si=jbxkHI_YKXMd0N2w\" title=\"YouTube video player\" frameborder=\"0\" allow=\"accelerometer; autoplay; clipboard-write; encrypted-media; gyroscope; picture-in-picture; web-share\" allowfullscreen><\/iframe><\/p>\n","protected":false},"excerpt":{"rendered":"<p>Toz macun solventsiz ve tek bile\u015fenli bir \u00fcr\u00fcnd\u00fcr. Do\u011fal \u00fcr\u00fcnlerden geli\u015ftirilmi\u015ftir. Ah\u015fap toz macunu su ile haz\u0131rlan\u0131r, zehirli madde i\u00e7ermez.\u00a0 G\u00fc\u00e7l\u00fc bir tutu\u015fa sahiptir. Toz macun dolgu, tonlar\u0131n m\u00fckemmel \u015fekilde ah\u015fap y\u00fczeye uymas\u0131n\u0131 sa\u011flar. Her t\u00fcrl\u00fc y\u00fczeysel i\u015flem uygulanabilir.<\/p>\n<ul>\n<li>Y\u00fcksek kaliteli \u00fcr\u00fcnd\u00fcr<\/li>\n<li>100% organik \u00fcr\u00fcnd\u00fcr<\/li>\n<li>1 \u2018e 3 \u00f6l\u00e7ekle suyla kar\u0131\u015ft\u0131r\u0131l\u0131r<\/li>\n<li>15 \u2013 20 mm derinlikler i\u00e7in idealdir<\/li>\n<li>Y\u00fcksek dayan\u0131kl\u0131d\u0131r<\/li>\n<li>Renkler kar\u0131\u015ft\u0131r\u0131labilir<\/li>\n<li>Her t\u00fcrl\u00fc y\u00fczeysel i\u015flem kabul eder<\/li>\n<li>Her t\u00fcrl\u00fc ah\u015fap i\u00e7in uygundur<\/li>\n<li>Kuruma s\u00fcresi uygulanan yerin derinli\u011fine g\u00f6re de\u011fi\u015fir<\/li>\n<\/ul>\n<p><strong>Paketleme:<\/strong><br \/>\n\u2022\u00a0 \u00a0End\u00fcstriyel kova 30 kg.<\/p>\n","protected":false},"featured_media":3717,"template":"","meta":{"_acf_changed":false},"product_cat":[66],"product_tag":[],"class_list":["post-3708","product","type-product","status-publish","has-post-thumbnail","hentry","product_cat-wood-repair-macun"],"acf":[],"_links":{"self":[{"href":"https:\/\/www.ilkaytrade.com.tr\/tr\/wp-json\/wp\/v2\/product\/3708","targetHints":{"allow":["GET"]}}],"collection":[{"href":"https:\/\/www.ilkaytrade.com.tr\/tr\/wp-json\/wp\/v2\/product"}],"about":[{"href":"https:\/\/www.ilkaytrade.com.tr\/tr\/wp-json\/wp\/v2\/types\/product"}],"wp:featuredmedia":[{"embeddable":true,"href":"https:\/\/www.ilkaytrade.com.tr\/tr\/wp-json\/wp\/v2\/media\/3717"}],"wp:attachment":[{"href":"https:\/\/www.ilkaytrade.com.tr\/tr\/wp-json\/wp\/v2\/media?parent=3708"}],"wp:term":[{"taxonomy":"product_cat","embeddable":true,"href":"https:\/\/www.ilkaytrade.com.tr\/tr\/wp-json\/wp\/v2\/product_cat?post=3708"},{"taxonomy":"product_tag","embeddable":true,"href":"https:\/\/www.ilkaytrade.com.tr\/tr\/wp-json\/wp\/v2\/product_tag?post=3708"}],"curies":[{"name":"wp","href":"https:\/\/api.w.org\/{rel}","templated":true}]}}