{"id":3707,"date":"2024-02-01T16:59:57","date_gmt":"2024-02-01T16:59:57","guid":{"rendered":"https:\/\/www.ilkaytrade.com.tr\/tr\/?post_type=product&#038;p=3707"},"modified":"2024-02-01T18:24:22","modified_gmt":"2024-02-01T18:24:22","slug":"tamir-mumu-eritici","status":"publish","type":"product","link":"https:\/\/www.ilkaytrade.com.tr\/tr\/urun\/tamir-mumu-eritici\/","title":{"rendered":"Tamir Mumu Eritici"},"content":{"rendered":"<p><iframe width=\"560\" height=\"315\" src=\"https:\/\/www.youtube.com\/embed\/xhL3wwMGrPo?si=H5cBfLAX8kVMmWcV\" title=\"YouTube video player\" frameborder=\"0\" allow=\"accelerometer; autoplay; clipboard-write; encrypted-media; gyroscope; picture-in-picture; web-share\" allowfullscreen><\/iframe><\/p>\n","protected":false},"excerpt":{"rendered":"<p>Sert mum uygulamas\u0131 i\u00e7in kullan\u0131m\u0131 kolay pilli eritici alet. Eritici yedek u\u00e7 ve 3 adet AA kalem pil ile birlikte gelir. Pilleri tak\u0131n ve Pil Eriticiyi a\u00e7\u0131n. Yakla\u015f\u0131k 3 dakika sonra eritici, sert mumu \u00a0eritmek i\u00e7in haz\u0131r hale gelir.<\/p>\n<ul>\n<li>Sert dolgu tamir macunu uygulamas\u0131 i\u00e7indir<\/li>\n<li>Ekstra u\u00e7 birlikte gelir.<\/li>\n<li>Kolay kullan\u0131m<\/li>\n<\/ul>\n","protected":false},"featured_media":3649,"template":"","meta":{"_acf_changed":false},"product_cat":[66],"product_tag":[],"class_list":["post-3707","product","type-product","status-publish","has-post-thumbnail","hentry","product_cat-wood-repair-macun"],"acf":[],"_links":{"self":[{"href":"https:\/\/www.ilkaytrade.com.tr\/tr\/wp-json\/wp\/v2\/product\/3707","targetHints":{"allow":["GET"]}}],"collection":[{"href":"https:\/\/www.ilkaytrade.com.tr\/tr\/wp-json\/wp\/v2\/product"}],"about":[{"href":"https:\/\/www.ilkaytrade.com.tr\/tr\/wp-json\/wp\/v2\/types\/product"}],"wp:featuredmedia":[{"embeddable":true,"href":"https:\/\/www.ilkaytrade.com.tr\/tr\/wp-json\/wp\/v2\/media\/3649"}],"wp:attachment":[{"href":"https:\/\/www.ilkaytrade.com.tr\/tr\/wp-json\/wp\/v2\/media?parent=3707"}],"wp:term":[{"taxonomy":"product_cat","embeddable":true,"href":"https:\/\/www.ilkaytrade.com.tr\/tr\/wp-json\/wp\/v2\/product_cat?post=3707"},{"taxonomy":"product_tag","embeddable":true,"href":"https:\/\/www.ilkaytrade.com.tr\/tr\/wp-json\/wp\/v2\/product_tag?post=3707"}],"curies":[{"name":"wp","href":"https:\/\/api.w.org\/{rel}","templated":true}]}}