{"id":3706,"date":"2024-02-01T16:58:21","date_gmt":"2024-02-01T16:58:21","guid":{"rendered":"https:\/\/www.ilkaytrade.com.tr\/tr\/?post_type=product&#038;p=3706"},"modified":"2024-02-01T18:24:48","modified_gmt":"2024-02-01T18:24:48","slug":"silikon-ve-esnek-karistirma-kabi","status":"publish","type":"product","link":"https:\/\/www.ilkaytrade.com.tr\/tr\/urun\/silikon-ve-esnek-karistirma-kabi\/","title":{"rendered":"Silikon ve Esnek Kar\u0131\u015ft\u0131rma Kab\u0131"},"content":{"rendered":"<p>&nbsp;<\/p>\n<p>&nbsp;<\/p>\n","protected":false},"excerpt":{"rendered":"<p>Toz Dolguyu kar\u0131\u015ft\u0131rmak i\u00e7in dayan\u0131m\u0131 y\u00fcksek, esnek kar\u0131\u015ft\u0131rma kab\u0131. Toz Dolguyu suyla kar\u0131\u015ft\u0131rmak i\u00e7in kar\u0131\u015ft\u0131rma kab\u0131n\u0131 kullan\u0131n. Kar\u0131\u015ft\u0131rma kab\u0131 esnektir, bu da ham Toz Dolguyu suyla kar\u0131\u015ft\u0131rmak i\u00e7in ideal bir ara\u00e7t\u0131r.\u00a0 Il\u0131k suyla temizlenmesi kolayd\u0131r.<\/p>\n<ul>\n<li>Toz Dolgu ile\u00a0yap\u0131lacak olan ah\u015fap tamirleri\u00a0i\u00e7in uygun\u00a0kar\u0131\u015ft\u0131rma kab\u0131<\/li>\n<li>Toz ve suyun kar\u0131\u015ft\u0131r\u0131lmas\u0131n\u0131 kolayla\u015ft\u0131ran esnek kase<\/li>\n<li>Kolay temizlenir<\/li>\n<li>Yakla\u015f\u0131k boyut: h: 120mm, w: 90mm<\/li>\n<\/ul>\n","protected":false},"featured_media":3655,"template":"","meta":{"_acf_changed":false},"product_cat":[66],"product_tag":[],"class_list":["post-3706","product","type-product","status-publish","has-post-thumbnail","hentry","product_cat-wood-repair-macun"],"acf":[],"_links":{"self":[{"href":"https:\/\/www.ilkaytrade.com.tr\/tr\/wp-json\/wp\/v2\/product\/3706","targetHints":{"allow":["GET"]}}],"collection":[{"href":"https:\/\/www.ilkaytrade.com.tr\/tr\/wp-json\/wp\/v2\/product"}],"about":[{"href":"https:\/\/www.ilkaytrade.com.tr\/tr\/wp-json\/wp\/v2\/types\/product"}],"wp:featuredmedia":[{"embeddable":true,"href":"https:\/\/www.ilkaytrade.com.tr\/tr\/wp-json\/wp\/v2\/media\/3655"}],"wp:attachment":[{"href":"https:\/\/www.ilkaytrade.com.tr\/tr\/wp-json\/wp\/v2\/media?parent=3706"}],"wp:term":[{"taxonomy":"product_cat","embeddable":true,"href":"https:\/\/www.ilkaytrade.com.tr\/tr\/wp-json\/wp\/v2\/product_cat?post=3706"},{"taxonomy":"product_tag","embeddable":true,"href":"https:\/\/www.ilkaytrade.com.tr\/tr\/wp-json\/wp\/v2\/product_tag?post=3706"}],"curies":[{"name":"wp","href":"https:\/\/api.w.org\/{rel}","templated":true}]}}