{"id":3705,"date":"2024-02-01T16:56:50","date_gmt":"2024-02-01T16:56:50","guid":{"rendered":"https:\/\/www.ilkaytrade.com.tr\/tr\/?post_type=product&#038;p=3705"},"modified":"2024-02-01T18:25:36","modified_gmt":"2024-02-01T18:25:36","slug":"sert-tamir-mumu","status":"publish","type":"product","link":"https:\/\/www.ilkaytrade.com.tr\/tr\/urun\/sert-tamir-mumu\/","title":{"rendered":"Sert Tamir Mumu"},"content":{"rendered":"<p><iframe width=\"560\" height=\"315\" src=\"https:\/\/www.youtube.com\/embed\/xhL3wwMGrPo?si=wAeF7b8BIOFI_mZD&amp;start=8\" title=\"YouTube video player\" frameborder=\"0\" allow=\"accelerometer; autoplay; clipboard-write; encrypted-media; gyroscope; picture-in-picture; web-share\" allowfullscreen><\/iframe><\/p>\n","protected":false},"excerpt":{"rendered":"<p>Mohawk Hard Wax ah\u015fap ve ah\u015fap y\u00fczeylerde r\u00f6tu\u015f yapmak i\u00e7in m\u00fckemmeldir. Zeminlerde, mobilyalarda, \u00fcst k\u0131s\u0131mlarda, cephelerde, yanlarda, kap\u0131larda, \u00e7ekmecelerde ve di\u011fer y\u00fczeylerdeki k\u00fc\u00e7\u00fck hasarlar\u0131 kapatmak i\u00e7in sert tamir mumu kullan\u0131n. 48 standart renk aras\u0131ndan se\u00e7im yap\u0131n. Kolay uygulama i\u00e7in pilli eritme aleti kullan\u0131n.<\/p>\n<ul>\n<li>Parlak y\u00fczeylerde kullan\u0131m\u0131 uygundur<\/li>\n<li>Kolay Kullan\u0131m<\/li>\n<li>K\u00fc\u00e7\u00fck ince \u00e7izikler ve k\u00fc\u00e7\u00fck hasarlar i\u00e7in idealdir<\/li>\n<li>H\u0131zl\u0131 sonu\u00e7<\/li>\n<li>Farkl\u0131 \u00e7e\u015fit renk se\u00e7ene\u011fi<\/li>\n<\/ul>\n","protected":false},"featured_media":3670,"template":"","meta":{"_acf_changed":false},"product_cat":[66],"product_tag":[],"class_list":["post-3705","product","type-product","status-publish","has-post-thumbnail","hentry","product_cat-wood-repair-macun"],"acf":[],"_links":{"self":[{"href":"https:\/\/www.ilkaytrade.com.tr\/tr\/wp-json\/wp\/v2\/product\/3705","targetHints":{"allow":["GET"]}}],"collection":[{"href":"https:\/\/www.ilkaytrade.com.tr\/tr\/wp-json\/wp\/v2\/product"}],"about":[{"href":"https:\/\/www.ilkaytrade.com.tr\/tr\/wp-json\/wp\/v2\/types\/product"}],"wp:featuredmedia":[{"embeddable":true,"href":"https:\/\/www.ilkaytrade.com.tr\/tr\/wp-json\/wp\/v2\/media\/3670"}],"wp:attachment":[{"href":"https:\/\/www.ilkaytrade.com.tr\/tr\/wp-json\/wp\/v2\/media?parent=3705"}],"wp:term":[{"taxonomy":"product_cat","embeddable":true,"href":"https:\/\/www.ilkaytrade.com.tr\/tr\/wp-json\/wp\/v2\/product_cat?post=3705"},{"taxonomy":"product_tag","embeddable":true,"href":"https:\/\/www.ilkaytrade.com.tr\/tr\/wp-json\/wp\/v2\/product_tag?post=3705"}],"curies":[{"name":"wp","href":"https:\/\/api.w.org\/{rel}","templated":true}]}}