{"id":3704,"date":"2024-02-01T16:55:00","date_gmt":"2024-02-01T16:55:00","guid":{"rendered":"https:\/\/www.ilkaytrade.com.tr\/tr\/?post_type=product&#038;p=3704"},"modified":"2024-02-01T18:26:36","modified_gmt":"2024-02-01T18:26:36","slug":"sert-tamir-mum-kiti","status":"publish","type":"product","link":"https:\/\/www.ilkaytrade.com.tr\/tr\/urun\/sert-tamir-mum-kiti\/","title":{"rendered":"Sert Tamir Mum Kiti"},"content":{"rendered":"<p><iframe width=\"560\" height=\"315\" src=\"https:\/\/www.youtube.com\/embed\/xhL3wwMGrPo?si=5PhU1OL0y8sZL1Pz\" title=\"YouTube video player\" frameborder=\"0\" allow=\"accelerometer; autoplay; clipboard-write; encrypted-media; gyroscope; picture-in-picture; web-share\" allowfullscreen><\/iframe><\/p>\n","protected":false},"excerpt":{"rendered":"<p>Mohawk Sert mum tamir Kiti (M310-1001) 10 farkl\u0131 renk sert mum i\u00e7erir, ah\u015fap ve ah\u015fap y\u00fczeylerde daha dayan\u0131kl\u0131 r\u00f6tu\u015flar i\u00e7in uygundur. Sert tamir mumu eritmek i\u00e7in pilli eritici kullan\u0131n. Sert mum fazlal\u0131klar\u0131n\u0131 \u00e7\u0131karmak i\u00e7in bir dengeleme aleti veya kaz\u0131y\u0131c\u0131 kullan\u0131n. Sert mum kiti sekiz farkl\u0131 ah\u015fap tonu ile beraber siyah ve beyaz renk i\u00e7erir.<\/p>\n<ul>\n<li>Kullan\u0131m\u0131 kolay<\/li>\n<li>Parlak y\u00fczeylerde uygulanabilir<\/li>\n<li>\u0130nce \u00e7atlaklar ve ezikleri kapatmada kullan\u0131l\u0131r<\/li>\n<li>H\u0131zl\u0131 uygulama<\/li>\n<li>Hafif d\u00fczeyde z\u0131mpara yap\u0131labilir<\/li>\n<\/ul>\n","protected":false},"featured_media":3672,"template":"","meta":{"_acf_changed":false},"product_cat":[66],"product_tag":[],"class_list":["post-3704","product","type-product","status-publish","has-post-thumbnail","hentry","product_cat-wood-repair-macun"],"acf":[],"_links":{"self":[{"href":"https:\/\/www.ilkaytrade.com.tr\/tr\/wp-json\/wp\/v2\/product\/3704","targetHints":{"allow":["GET"]}}],"collection":[{"href":"https:\/\/www.ilkaytrade.com.tr\/tr\/wp-json\/wp\/v2\/product"}],"about":[{"href":"https:\/\/www.ilkaytrade.com.tr\/tr\/wp-json\/wp\/v2\/types\/product"}],"wp:featuredmedia":[{"embeddable":true,"href":"https:\/\/www.ilkaytrade.com.tr\/tr\/wp-json\/wp\/v2\/media\/3672"}],"wp:attachment":[{"href":"https:\/\/www.ilkaytrade.com.tr\/tr\/wp-json\/wp\/v2\/media?parent=3704"}],"wp:term":[{"taxonomy":"product_cat","embeddable":true,"href":"https:\/\/www.ilkaytrade.com.tr\/tr\/wp-json\/wp\/v2\/product_cat?post=3704"},{"taxonomy":"product_tag","embeddable":true,"href":"https:\/\/www.ilkaytrade.com.tr\/tr\/wp-json\/wp\/v2\/product_tag?post=3704"}],"curies":[{"name":"wp","href":"https:\/\/api.w.org\/{rel}","templated":true}]}}