{"id":3703,"date":"2024-02-01T16:53:38","date_gmt":"2024-02-01T16:53:38","guid":{"rendered":"https:\/\/www.ilkaytrade.com.tr\/tr\/?post_type=product&#038;p=3703"},"modified":"2024-02-01T18:27:27","modified_gmt":"2024-02-01T18:27:27","slug":"profesyonel-keski-aleti","status":"publish","type":"product","link":"https:\/\/www.ilkaytrade.com.tr\/tr\/urun\/profesyonel-keski-aleti\/","title":{"rendered":"Profesyonel Keski Aleti"},"content":{"rendered":"<p><iframe width=\"560\" height=\"315\" src=\"https:\/\/www.youtube.com\/embed\/s80BjzzH8FQ?si=xg8UxXeWG-JFWU43\" title=\"YouTube video player\" frameborder=\"0\" allow=\"accelerometer; autoplay; clipboard-write; encrypted-media; gyroscope; picture-in-picture; web-share\" allowfullscreen><\/iframe><\/p>\n","protected":false},"excerpt":{"rendered":"<p>Profesyonel keski aleti, hem ah\u015fap hem de kal\u0131p panellerinde Knot Filler ile yap\u0131lan geni\u015f \u00e7apl\u0131\u00a0 tamirler i\u00e7in uygundur. Ergonomiktir ve uzun tutunma \u00f6zelli\u011fi sayesinde rahat ve g\u00fcvenli \u00e7al\u0131\u015fma olana\u011f\u0131 sa\u011flar.<\/p>\n<ul>\n<li>Profesyonel keski aleti<\/li>\n<li>G\u00fcvenli kullan\u0131m<\/li>\n<li>Tek seferde m\u00fckemmel kesim<\/li>\n<li>Kullan\u0131m\u0131 kolay<\/li>\n<li>Ergonomik kullan\u0131m \u200b<\/li>\n<li>\u00c7elik b\u0131\u00e7ak darbelere dayan\u0131kl\u0131d\u0131r<\/li>\n<\/ul>\n","protected":false},"featured_media":3666,"template":"","meta":{"_acf_changed":false},"product_cat":[66],"product_tag":[],"class_list":["post-3703","product","type-product","status-publish","has-post-thumbnail","hentry","product_cat-wood-repair-macun"],"acf":[],"_links":{"self":[{"href":"https:\/\/www.ilkaytrade.com.tr\/tr\/wp-json\/wp\/v2\/product\/3703","targetHints":{"allow":["GET"]}}],"collection":[{"href":"https:\/\/www.ilkaytrade.com.tr\/tr\/wp-json\/wp\/v2\/product"}],"about":[{"href":"https:\/\/www.ilkaytrade.com.tr\/tr\/wp-json\/wp\/v2\/types\/product"}],"wp:featuredmedia":[{"embeddable":true,"href":"https:\/\/www.ilkaytrade.com.tr\/tr\/wp-json\/wp\/v2\/media\/3666"}],"wp:attachment":[{"href":"https:\/\/www.ilkaytrade.com.tr\/tr\/wp-json\/wp\/v2\/media?parent=3703"}],"wp:term":[{"taxonomy":"product_cat","embeddable":true,"href":"https:\/\/www.ilkaytrade.com.tr\/tr\/wp-json\/wp\/v2\/product_cat?post=3703"},{"taxonomy":"product_tag","embeddable":true,"href":"https:\/\/www.ilkaytrade.com.tr\/tr\/wp-json\/wp\/v2\/product_tag?post=3703"}],"curies":[{"name":"wp","href":"https:\/\/api.w.org\/{rel}","templated":true}]}}