{"id":3702,"date":"2024-02-01T16:51:40","date_gmt":"2024-02-01T16:51:40","guid":{"rendered":"https:\/\/www.ilkaytrade.com.tr\/tr\/?post_type=product&#038;p=3702"},"modified":"2024-02-01T18:27:54","modified_gmt":"2024-02-01T18:27:54","slug":"pro-kalem","status":"publish","type":"product","link":"https:\/\/www.ilkaytrade.com.tr\/tr\/urun\/pro-kalem\/","title":{"rendered":"Pro Kalem"},"content":{"rendered":"<p>&nbsp;<\/p>\n<p>&nbsp;<\/p>\n","protected":false},"excerpt":{"rendered":"<p>Mohawk Pro Marker ah\u015fap y\u00fczeylerdeki \u00e7iziklerin, kusurlar\u0131n kapat\u0131lmas\u0131 i\u00e7in kullan\u0131l\u0131r. Pro marker kalem ah\u015fap y\u00fczeylerde y\u00fcksek tutunma ve cilaya kar\u015f\u0131 diren\u00e7lidir. \u00a0Y\u00fcksek kaliteli u\u00e7 sayesinde yapm\u0131\u015f oldu\u011funuz i\u015flemler kal\u0131c\u0131 olur ve her t\u00fcrl\u00fc olu\u015fan \u00e7atlaklar\u0131n tam anlam\u0131yla kapanmas\u0131n\u0131 sa\u011flar.<\/p>\n<ul>\n<li>Ak\u0131\u015fkanl\u0131k<\/li>\n<li>Kolay kullan\u0131m<\/li>\n<li>Dayan\u0131m\u0131 y\u00fcksek farkl\u0131 renk se\u00e7enekleri<\/li>\n<li>Y\u00fcksek kaliteli u\u00e7<\/li>\n<li>Her t\u00fcrl\u00fc ah\u015fap y\u00fczeyde tutunabilme \u00f6zelli\u011fi<\/li>\n<li>Cilaya kar\u015f\u0131 dayan\u0131kl\u0131<\/li>\n<li>Kenar, alt ve u\u00e7 k\u0131s\u0131mlar\u0131 e\u015fit derecede tamamen kapatabilme \u00f6zelli\u011fi<\/li>\n<li>12 Renk ayr\u0131ca tek renk ve kar\u0131\u015f\u0131k renk paket se\u00e7enekleri<\/li>\n<\/ul>\n","protected":false},"featured_media":3727,"template":"","meta":{"_acf_changed":false},"product_cat":[66],"product_tag":[],"class_list":["post-3702","product","type-product","status-publish","has-post-thumbnail","hentry","product_cat-wood-repair-macun"],"acf":[],"_links":{"self":[{"href":"https:\/\/www.ilkaytrade.com.tr\/tr\/wp-json\/wp\/v2\/product\/3702","targetHints":{"allow":["GET"]}}],"collection":[{"href":"https:\/\/www.ilkaytrade.com.tr\/tr\/wp-json\/wp\/v2\/product"}],"about":[{"href":"https:\/\/www.ilkaytrade.com.tr\/tr\/wp-json\/wp\/v2\/types\/product"}],"wp:featuredmedia":[{"embeddable":true,"href":"https:\/\/www.ilkaytrade.com.tr\/tr\/wp-json\/wp\/v2\/media\/3727"}],"wp:attachment":[{"href":"https:\/\/www.ilkaytrade.com.tr\/tr\/wp-json\/wp\/v2\/media?parent=3702"}],"wp:term":[{"taxonomy":"product_cat","embeddable":true,"href":"https:\/\/www.ilkaytrade.com.tr\/tr\/wp-json\/wp\/v2\/product_cat?post=3702"},{"taxonomy":"product_tag","embeddable":true,"href":"https:\/\/www.ilkaytrade.com.tr\/tr\/wp-json\/wp\/v2\/product_tag?post=3702"}],"curies":[{"name":"wp","href":"https:\/\/api.w.org\/{rel}","templated":true}]}}