{"id":3701,"date":"2024-02-01T16:49:33","date_gmt":"2024-02-01T16:49:33","guid":{"rendered":"https:\/\/www.ilkaytrade.com.tr\/tr\/?post_type=product&#038;p=3701"},"modified":"2024-02-01T18:28:50","modified_gmt":"2024-02-01T18:28:50","slug":"parkeler-icin-sert-tamir-mum-kiti","status":"publish","type":"product","link":"https:\/\/www.ilkaytrade.com.tr\/tr\/urun\/parkeler-icin-sert-tamir-mum-kiti\/","title":{"rendered":"Parkeler \u0130\u00e7in Sert Tamir Mum Kiti"},"content":{"rendered":"<p><iframe width=\"560\" height=\"315\" src=\"https:\/\/www.youtube.com\/embed\/xhL3wwMGrPo?si=PvTGsGD9JiknmQeE\" title=\"YouTube video player\" frameborder=\"0\" allow=\"accelerometer; autoplay; clipboard-write; encrypted-media; gyroscope; picture-in-picture; web-share\" allowfullscreen><\/iframe><\/p>\n","protected":false},"excerpt":{"rendered":"<p>Mohawk Sert tamir mumu parke kiti ah\u015fapta k\u00fc\u00e7\u00fck hasarlar\u0131n ve \u00e7iziklerin \u00a0kapat\u0131lmas\u0131 i\u00e7in\u00a0 kullan\u0131l\u0131r. Ah\u015fap renkleri dahil 20 adet sert mum i\u00e7erir. Ayr\u0131ca siyah ve beyaz renkler mevcuttur. Sert mumu parkelerde, mobilyalarda, \u00fcst k\u0131s\u0131mlarda, cephelerde, ah\u015fap kap\u0131larda, \u00e7ekmecelerde ve di\u011fer ah\u015fap y\u00fczeylerde kullanabilirsiniz.<\/p>\n<ul>\n<li>Kolay Kullan\u0131m<\/li>\n<li>Her t\u00fcrl\u00fc y\u00fczeyde uygulanabilir<\/li>\n<li>\u0130nce \u00e7atlaklar i\u00e7in idealdir<\/li>\n<li>H\u0131zl\u0131 uygulama<\/li>\n<li>Z\u0131mparaya gerek duymaz<\/li>\n<li>20 adetli kit<\/li>\n<\/ul>\n<p>\u0130\u00e7erik:<br \/>\n\u2022\u00a0 \u00a01 X Pilli eritici, 20 par\u00e7al\u0131 sert tamir mumu, 3x ince u\u00e7lu kalem, 1x y\u00fczey e\u015fitleyici, 1x kaz\u0131y\u0131c\u0131, z\u0131mpara, Pilli eritici i\u00e7in ekstra u\u00e7, 3x AA pil<\/p>\n","protected":false},"featured_media":3671,"template":"","meta":{"_acf_changed":false},"product_cat":[66],"product_tag":[],"class_list":["post-3701","product","type-product","status-publish","has-post-thumbnail","hentry","product_cat-wood-repair-macun"],"acf":[],"_links":{"self":[{"href":"https:\/\/www.ilkaytrade.com.tr\/tr\/wp-json\/wp\/v2\/product\/3701","targetHints":{"allow":["GET"]}}],"collection":[{"href":"https:\/\/www.ilkaytrade.com.tr\/tr\/wp-json\/wp\/v2\/product"}],"about":[{"href":"https:\/\/www.ilkaytrade.com.tr\/tr\/wp-json\/wp\/v2\/types\/product"}],"wp:featuredmedia":[{"embeddable":true,"href":"https:\/\/www.ilkaytrade.com.tr\/tr\/wp-json\/wp\/v2\/media\/3671"}],"wp:attachment":[{"href":"https:\/\/www.ilkaytrade.com.tr\/tr\/wp-json\/wp\/v2\/media?parent=3701"}],"wp:term":[{"taxonomy":"product_cat","embeddable":true,"href":"https:\/\/www.ilkaytrade.com.tr\/tr\/wp-json\/wp\/v2\/product_cat?post=3701"},{"taxonomy":"product_tag","embeddable":true,"href":"https:\/\/www.ilkaytrade.com.tr\/tr\/wp-json\/wp\/v2\/product_tag?post=3701"}],"curies":[{"name":"wp","href":"https:\/\/api.w.org\/{rel}","templated":true}]}}