{"id":3699,"date":"2024-02-01T16:46:11","date_gmt":"2024-02-01T16:46:11","guid":{"rendered":"https:\/\/www.ilkaytrade.com.tr\/tr\/?post_type=product&#038;p=3699"},"modified":"2024-02-01T18:30:02","modified_gmt":"2024-02-01T18:30:02","slug":"mobilya-rotus-kalemi","status":"publish","type":"product","link":"https:\/\/www.ilkaytrade.com.tr\/tr\/urun\/mobilya-rotus-kalemi\/","title":{"rendered":"Mobilya R\u00f6tu\u015f Kalemi"},"content":{"rendered":"<p>&nbsp;<\/p>\n<p>&nbsp;<\/p>\n","protected":false},"excerpt":{"rendered":"<p>Mohawk Ultra Marker, r\u00f6tu\u015f detaylar\u0131n\u0131 tamamlamak i\u00e7in elinizin alt\u0131nda olmas\u0131 i\u00e7in m\u00fckemmel bir ara\u00e7t\u0131r. K\u00fc\u00e7\u00fck \u00e7izikleri \u00f6rtmek veya tamamlanm\u0131\u015f tamirleri tamamen g\u00f6r\u00fcnmez hale getirmek i\u00e7in Ultra Marker&#8217;\u0131 kullan\u0131n. Ultra Marker, tek ad\u0131mda m\u00fch\u00fcrleyen, boyayan ve bitiren komple bir kalemdir.<\/p>\n<p>\u00dcr\u00fcn bilgisi:<\/p>\n<ul>\n<li>Kusurlar\u0131 kapatmak i\u00e7in idealdir<\/li>\n<li>Kolay Kullan\u0131m<\/li>\n<li>Her t\u00fcrl\u00fc y\u00fczey i\u015flemiyle uyumludur<\/li>\n<li>Valve u\u00e7 s\u0131v\u0131 kontrol\u00fc sa\u011flar<\/li>\n<li>Y\u00fcksek opakl\u0131k ve \u0131\u015f\u0131k hassasl\u0131\u011f\u0131na sahiptir ve UV inhibit\u00f6rleri i\u00e7erir<\/li>\n<li>12 \u00a0farkl\u0131 \u00e7e\u015fit renkten olu\u015fur, ( M280-1200) veya tek renk se\u00e7enekli paket<\/li>\n<\/ul>\n<p>Paketleme:<br \/>\n\u2022\u00a0 \u00a012 kalem tek paket.<br \/>\n\u2022\u00a0 \u00a0Kar\u0131\u015f\u0131k paket M280-1200 w. 12 farkl\u0131 renk veya tek renkli paket se\u00e7enekleri<\/p>\n","protected":false},"featured_media":3673,"template":"","meta":{"_acf_changed":false},"product_cat":[66],"product_tag":[],"class_list":["post-3699","product","type-product","status-publish","has-post-thumbnail","hentry","product_cat-wood-repair-macun"],"acf":[],"_links":{"self":[{"href":"https:\/\/www.ilkaytrade.com.tr\/tr\/wp-json\/wp\/v2\/product\/3699","targetHints":{"allow":["GET"]}}],"collection":[{"href":"https:\/\/www.ilkaytrade.com.tr\/tr\/wp-json\/wp\/v2\/product"}],"about":[{"href":"https:\/\/www.ilkaytrade.com.tr\/tr\/wp-json\/wp\/v2\/types\/product"}],"wp:featuredmedia":[{"embeddable":true,"href":"https:\/\/www.ilkaytrade.com.tr\/tr\/wp-json\/wp\/v2\/media\/3673"}],"wp:attachment":[{"href":"https:\/\/www.ilkaytrade.com.tr\/tr\/wp-json\/wp\/v2\/media?parent=3699"}],"wp:term":[{"taxonomy":"product_cat","embeddable":true,"href":"https:\/\/www.ilkaytrade.com.tr\/tr\/wp-json\/wp\/v2\/product_cat?post=3699"},{"taxonomy":"product_tag","embeddable":true,"href":"https:\/\/www.ilkaytrade.com.tr\/tr\/wp-json\/wp\/v2\/product_tag?post=3699"}],"curies":[{"name":"wp","href":"https:\/\/api.w.org\/{rel}","templated":true}]}}