{"id":3698,"date":"2024-02-01T16:44:10","date_gmt":"2024-02-01T16:44:10","guid":{"rendered":"https:\/\/www.ilkaytrade.com.tr\/tr\/?post_type=product&#038;p=3698"},"modified":"2024-02-01T18:30:57","modified_gmt":"2024-02-01T18:30:57","slug":"kucuk-aluminyum-blok-50-x-50-mm","status":"publish","type":"product","link":"https:\/\/www.ilkaytrade.com.tr\/tr\/urun\/kucuk-aluminyum-blok-50-x-50-mm\/","title":{"rendered":"K\u00fc\u00e7\u00fck Al\u00fcminyum Blok 50 X 50 mm"},"content":{"rendered":"<p><iframe width=\"560\" height=\"315\" src=\"https:\/\/www.youtube.com\/embed\/WlOORPrLwLo?si=JccsIpzwEgvGkPDG\" title=\"YouTube video player\" frameborder=\"0\" allow=\"accelerometer; autoplay; clipboard-write; encrypted-media; gyroscope; picture-in-picture; web-share\" allowfullscreen><\/iframe><\/p>\n","protected":false},"excerpt":{"rendered":"<p>K\u00fc\u00e7\u00fck so\u011futma demiri k\u00fc\u00e7\u00fck \u00e7apl\u0131 budaklar\u0131n noktasal tamirleri i\u00e7in uygundur.<\/p>\n<ul>\n<li>Al\u00fcminyum so\u011futma blok<\/li>\n<li>\u00c7ap 50 X 50 mm<\/li>\n<li>K\u00fc\u00e7\u00fck \u00e7apl\u0131 tamirler\u00a0ile beraber kenar ve k\u00f6\u015fe tamirlerinde de kullan\u0131labilir.<\/li>\n<li>Hem ah\u015fap hem de kal\u0131p panellerindeki tamirler\u00a0i\u00e7in kullan\u0131\u015fl\u0131d\u0131r.<\/li>\n<\/ul>\n<p>Paketleme:<\/p>\n<ul>\n<li>Wood Repair Pro Kit, Wood Repair\u00a0BCD 540 kit\u00a0ve Wood Repair\u00a0Plus + Kit ile beraber sat\u0131l\u0131r.<\/li>\n<\/ul>\n","protected":false},"featured_media":3662,"template":"","meta":{"_acf_changed":false},"product_cat":[66],"product_tag":[],"class_list":["post-3698","product","type-product","status-publish","has-post-thumbnail","hentry","product_cat-wood-repair-macun"],"acf":[],"_links":{"self":[{"href":"https:\/\/www.ilkaytrade.com.tr\/tr\/wp-json\/wp\/v2\/product\/3698","targetHints":{"allow":["GET"]}}],"collection":[{"href":"https:\/\/www.ilkaytrade.com.tr\/tr\/wp-json\/wp\/v2\/product"}],"about":[{"href":"https:\/\/www.ilkaytrade.com.tr\/tr\/wp-json\/wp\/v2\/types\/product"}],"wp:featuredmedia":[{"embeddable":true,"href":"https:\/\/www.ilkaytrade.com.tr\/tr\/wp-json\/wp\/v2\/media\/3662"}],"wp:attachment":[{"href":"https:\/\/www.ilkaytrade.com.tr\/tr\/wp-json\/wp\/v2\/media?parent=3698"}],"wp:term":[{"taxonomy":"product_cat","embeddable":true,"href":"https:\/\/www.ilkaytrade.com.tr\/tr\/wp-json\/wp\/v2\/product_cat?post=3698"},{"taxonomy":"product_tag","embeddable":true,"href":"https:\/\/www.ilkaytrade.com.tr\/tr\/wp-json\/wp\/v2\/product_tag?post=3698"}],"curies":[{"name":"wp","href":"https:\/\/api.w.org\/{rel}","templated":true}]}}