{"id":3697,"date":"2024-02-01T16:43:12","date_gmt":"2024-02-01T16:43:12","guid":{"rendered":"https:\/\/www.ilkaytrade.com.tr\/tr\/?post_type=product&#038;p=3697"},"modified":"2024-02-01T18:31:46","modified_gmt":"2024-02-01T18:31:46","slug":"knot-filler-renk-degistirme-kalibi","status":"publish","type":"product","link":"https:\/\/www.ilkaytrade.com.tr\/tr\/urun\/knot-filler-renk-degistirme-kalibi\/","title":{"rendered":"Knot Filler Renk De\u011fi\u015ftirme Kal\u0131b\u0131"},"content":{"rendered":"<p><iframe width=\"560\" height=\"315\" src=\"https:\/\/www.youtube.com\/embed\/KWdtK-4A3ZQ?si=CmkaRquUEAh6bMIk\" title=\"YouTube video player\" frameborder=\"0\" allow=\"accelerometer; autoplay; clipboard-write; encrypted-media; gyroscope; picture-in-picture; web-share\" allowfullscreen><\/iframe><\/p>\n","protected":false},"excerpt":{"rendered":"<p>Kullan\u0131m\u0131 basit, yeni \u00e7ubuklar olu\u015fturup, yeni \u00e7ubuklar\u0131n kurumas\u0131n\u0131 i\u00e7in kullan\u0131l\u0131r. B\u00f6ylece renk de\u011fi\u015ftirme esnas\u0131nda olu\u015fan malzeme israf\u0131n\u0131 en aza indirgemi\u015f olursunuz.<\/p>\n<p>\u00dcr\u00fcn bilgisi:<br \/>\n\u2022 \u00a0Esnek silicon kal\u0131p<br \/>\n\u2022\u00a0 \u00c7ap 60 x 45 x 35 mm<br \/>\n\u2022\u00a0 Pratik \u00e7\u00f6z\u00fcm<br \/>\n\u2022\u00a0 12 mm \u00e7apta yeni knot filler olu\u015fturma imkan\u0131 sa\u011flar.<\/p>\n<p><strong>Dikkat!<\/strong><br \/>\n\u2022\u00a0 \u00a0Yeni olu\u015fturmu\u015f oldu\u011funuz \u00e7ubuklar\u0131 a\u011fz\u0131 kapal\u0131 bir po\u015fet i\u00e7inde tutman\u0131z\u0131 tavsiye ederiz.<\/p>\n","protected":false},"featured_media":3660,"template":"","meta":{"_acf_changed":false},"product_cat":[66],"product_tag":[],"class_list":["post-3697","product","type-product","status-publish","has-post-thumbnail","hentry","product_cat-wood-repair-macun"],"acf":[],"_links":{"self":[{"href":"https:\/\/www.ilkaytrade.com.tr\/tr\/wp-json\/wp\/v2\/product\/3697","targetHints":{"allow":["GET"]}}],"collection":[{"href":"https:\/\/www.ilkaytrade.com.tr\/tr\/wp-json\/wp\/v2\/product"}],"about":[{"href":"https:\/\/www.ilkaytrade.com.tr\/tr\/wp-json\/wp\/v2\/types\/product"}],"wp:featuredmedia":[{"embeddable":true,"href":"https:\/\/www.ilkaytrade.com.tr\/tr\/wp-json\/wp\/v2\/media\/3660"}],"wp:attachment":[{"href":"https:\/\/www.ilkaytrade.com.tr\/tr\/wp-json\/wp\/v2\/media?parent=3697"}],"wp:term":[{"taxonomy":"product_cat","embeddable":true,"href":"https:\/\/www.ilkaytrade.com.tr\/tr\/wp-json\/wp\/v2\/product_cat?post=3697"},{"taxonomy":"product_tag","embeddable":true,"href":"https:\/\/www.ilkaytrade.com.tr\/tr\/wp-json\/wp\/v2\/product_tag?post=3697"}],"curies":[{"name":"wp","href":"https:\/\/api.w.org\/{rel}","templated":true}]}}