{"id":3696,"date":"2024-02-01T16:41:38","date_gmt":"2024-02-01T16:41:38","guid":{"rendered":"https:\/\/www.ilkaytrade.com.tr\/tr\/?post_type=product&#038;p=3696"},"modified":"2024-02-01T18:32:41","modified_gmt":"2024-02-01T18:32:41","slug":"knot-filler-granul","status":"publish","type":"product","link":"https:\/\/www.ilkaytrade.com.tr\/tr\/urun\/knot-filler-granul\/","title":{"rendered":"Knot Filler Gran\u00fcl"},"content":{"rendered":"<p><iframe width=\"560\" height=\"315\" src=\"https:\/\/www.youtube.com\/embed\/j51d-KFC-QU?si=bTQYAy9ENnRSf4y9\" title=\"YouTube video player\" frameborder=\"0\" allow=\"accelerometer; autoplay; clipboard-write; encrypted-media; gyroscope; picture-in-picture; web-share\" allowfullscreen><\/iframe><\/p>\n","protected":false},"excerpt":{"rendered":"<p>Knot Filler Gran\u00fcl, yar\u0131 otomatik ve tam otomatik makinelerle ah\u015fap tamirleri i\u00e7in tasarlanm\u0131\u015ft\u0131r. Knot Filler \u00e7ubuklar ile ayn\u0131 e\u015fsiz kalitededir. Knot Filler Gran\u00fcl \u00f6zellikle ah\u015fap parke \u00fcretimi s\u0131ras\u0131nda budak ve \u00e7atlaklar\u0131 gidermek i\u00e7in kullan\u0131l\u0131r. Knot Filler Gran\u00fcle ayr\u0131ca in\u015faat kal\u0131p panellerinde genellikle tamir i\u00e7in kullan\u0131l\u0131r. \u00d6zel TR55 Gran\u00fcle uygulama tabancas\u0131 ile uygulanabilir.<\/p>\n<p>\u00dcr\u00fcn Bilgisi:<\/p>\n<ul>\n<li>Dayan\u0131kl\u0131<\/li>\n<li>H\u0131zl\u0131 kuruma ve sertle\u015fme<\/li>\n<li>Y\u00fcksek tutunurluk \u00f6zelli\u011fi<\/li>\n<li>Her t\u00fcrl\u00fc y\u00fczeysel i\u015flem kabul eder<\/li>\n<li>Tam ve yar\u0131 otomatik makineler i\u00e7indir<\/li>\n<li>Zararl\u0131 madde i\u00e7ermez<\/li>\n<li>Farkl\u0131 renk se\u00e7ene\u011fine sahiptir<\/li>\n<li>Is\u0131 de\u011fi\u015fikliklerine dayan\u0131kl\u0131d\u0131r<\/li>\n<li>Kullan\u0131ma haz\u0131r<\/li>\n<li>\u0130\u00e7 ve d\u0131\u015f mekan<\/li>\n<li>Farkl\u0131 renk se\u00e7ene\u011fi<\/li>\n<\/ul>\n<p><strong>PAKETLEME:<\/strong><br \/>\n\u2022\u00a0 \u00a020 kg \u00c7uval<\/p>\n","protected":false},"featured_media":3723,"template":"","meta":{"_acf_changed":false},"product_cat":[66],"product_tag":[],"class_list":["post-3696","product","type-product","status-publish","has-post-thumbnail","hentry","product_cat-wood-repair-macun"],"acf":[],"_links":{"self":[{"href":"https:\/\/www.ilkaytrade.com.tr\/tr\/wp-json\/wp\/v2\/product\/3696","targetHints":{"allow":["GET"]}}],"collection":[{"href":"https:\/\/www.ilkaytrade.com.tr\/tr\/wp-json\/wp\/v2\/product"}],"about":[{"href":"https:\/\/www.ilkaytrade.com.tr\/tr\/wp-json\/wp\/v2\/types\/product"}],"wp:featuredmedia":[{"embeddable":true,"href":"https:\/\/www.ilkaytrade.com.tr\/tr\/wp-json\/wp\/v2\/media\/3723"}],"wp:attachment":[{"href":"https:\/\/www.ilkaytrade.com.tr\/tr\/wp-json\/wp\/v2\/media?parent=3696"}],"wp:term":[{"taxonomy":"product_cat","embeddable":true,"href":"https:\/\/www.ilkaytrade.com.tr\/tr\/wp-json\/wp\/v2\/product_cat?post=3696"},{"taxonomy":"product_tag","embeddable":true,"href":"https:\/\/www.ilkaytrade.com.tr\/tr\/wp-json\/wp\/v2\/product_tag?post=3696"}],"curies":[{"name":"wp","href":"https:\/\/api.w.org\/{rel}","templated":true}]}}