{"id":3694,"date":"2024-02-01T16:38:37","date_gmt":"2024-02-01T16:38:37","guid":{"rendered":"https:\/\/www.ilkaytrade.com.tr\/tr\/?post_type=product&#038;p=3694"},"modified":"2024-02-01T18:34:27","modified_gmt":"2024-02-01T18:34:27","slug":"knot-filler-150-mm","status":"publish","type":"product","link":"https:\/\/www.ilkaytrade.com.tr\/tr\/urun\/knot-filler-150-mm\/","title":{"rendered":"Knot Filler (150 mm)"},"content":{"rendered":"<p><iframe width=\"560\" height=\"315\" src=\"https:\/\/www.youtube.com\/embed\/WHeCMc4qkEs?si=Qp8i0mUyqIdDJp_R\" title=\"YouTube video player\" frameborder=\"0\" allow=\"accelerometer; autoplay; clipboard-write; encrypted-media; gyroscope; picture-in-picture; web-share\" allowfullscreen><\/iframe><\/p>\n","protected":false},"excerpt":{"rendered":"<p>Ah\u015faptaki her t\u00fcrl\u00fc \u00e7atlak, yar\u0131k, kusur vb. tamiri i\u00e7in e\u015fsiz bir \u00fcr\u00fcnd\u00fcr. Ayn\u0131 zamanda uygulamas\u0131 pratik ve h\u0131zl\u0131, \u00e7ok dayan\u0131kl\u0131, esnek ve g\u00fc\u00e7l\u00fcd\u00fcr. Knot Filler su ge\u00e7irmez \u00f6zelli\u011fi sayesinde d\u0131\u015f mekanlar i\u00e7in idealdir. Kullan\u0131c\u0131 ve \u00e7evre i\u00e7in g\u00fcvenli, zarar vermeyen bir \u00fcr\u00fcnd\u00fcr.<\/p>\n<ul>\n<li>Dayan\u0131kl\u0131<\/li>\n<li>Saniyeler i\u00e7inde haz\u0131r<\/li>\n<li>Ah\u015fap\u2019ta kuvvetli tutunma<\/li>\n<li>Az miktarda art\u0131k \u00e7\u0131kar<\/li>\n<li>Zehirli madde i\u00e7ermez<\/li>\n<li>G\u00fc\u00e7l\u00fc<\/li>\n<li>Esnektir ve ah\u015fap ile birlikte iyi \u00e7al\u0131\u015f\u0131r<\/li>\n<li>Farkl\u0131 renk se\u00e7enekleri<\/li>\n<li>Her t\u00fcrl\u00fc ah\u015fap \u00e7e\u015fidi i\u00e7in uygundur<\/li>\n<li>UV dayan\u0131kl\u0131d\u0131r<\/li>\n<li>\u0130\u00e7 ve d\u0131\u015f mekan i\u00e7in kullan\u0131m\u0131 uygundur<\/li>\n<li>Y\u00fczeysel i\u015flem uygulanabilir<\/li>\n<li>Kullan\u0131ma haz\u0131r<\/li>\n<\/ul>\n<p><strong>Paketleme:<\/strong><br \/>\n\u2022\u00a0 \u00a0Kompak paket 8 \u00e7ubuk 150 mm<br \/>\n\u2022\u00a0 \u00a0Kompak paketler fermuarl\u0131d\u0131r<br \/>\n\u2022\u00a0 \u00a0Bir po\u015fet 8 adet knot filler i\u00e7erir<\/p>\n","protected":false},"featured_media":3726,"template":"","meta":{"_acf_changed":false},"product_cat":[66],"product_tag":[],"class_list":["post-3694","product","type-product","status-publish","has-post-thumbnail","hentry","product_cat-wood-repair-macun"],"acf":[],"_links":{"self":[{"href":"https:\/\/www.ilkaytrade.com.tr\/tr\/wp-json\/wp\/v2\/product\/3694","targetHints":{"allow":["GET"]}}],"collection":[{"href":"https:\/\/www.ilkaytrade.com.tr\/tr\/wp-json\/wp\/v2\/product"}],"about":[{"href":"https:\/\/www.ilkaytrade.com.tr\/tr\/wp-json\/wp\/v2\/types\/product"}],"wp:featuredmedia":[{"embeddable":true,"href":"https:\/\/www.ilkaytrade.com.tr\/tr\/wp-json\/wp\/v2\/media\/3726"}],"wp:attachment":[{"href":"https:\/\/www.ilkaytrade.com.tr\/tr\/wp-json\/wp\/v2\/media?parent=3694"}],"wp:term":[{"taxonomy":"product_cat","embeddable":true,"href":"https:\/\/www.ilkaytrade.com.tr\/tr\/wp-json\/wp\/v2\/product_cat?post=3694"},{"taxonomy":"product_tag","embeddable":true,"href":"https:\/\/www.ilkaytrade.com.tr\/tr\/wp-json\/wp\/v2\/product_tag?post=3694"}],"curies":[{"name":"wp","href":"https:\/\/api.w.org\/{rel}","templated":true}]}}