{"id":3693,"date":"2024-02-01T16:36:20","date_gmt":"2024-02-01T16:36:20","guid":{"rendered":"https:\/\/www.ilkaytrade.com.tr\/tr\/?post_type=product&#038;p=3693"},"modified":"2024-02-01T18:35:15","modified_gmt":"2024-02-01T18:35:15","slug":"keski-aleti","status":"publish","type":"product","link":"https:\/\/www.ilkaytrade.com.tr\/tr\/urun\/keski-aleti\/","title":{"rendered":"Keski Aleti"},"content":{"rendered":"<p><iframe width=\"560\" height=\"315\" src=\"https:\/\/www.youtube.com\/embed\/WlOORPrLwLo?si=ZP1ZJRcLvWBJ3Luf\" title=\"YouTube video player\" frameborder=\"0\" allow=\"accelerometer; autoplay; clipboard-write; encrypted-media; gyroscope; picture-in-picture; web-share\" allowfullscreen><\/iframe><\/p>\n","protected":false},"excerpt":{"rendered":"<p>Dolgu Macunu fazlal\u0131klar\u0131n\u0131 y\u00fczeyden almak i\u00e7in\u00a0 kesici alet. Keski, kullan\u0131m\u0131 kolayla\u015ft\u0131ran ergonomik bir tasar\u0131ma sahiptir. Kesici alet, kenar ve k\u00f6\u015fe tamirleri i\u00e7in m\u00fckemmeldir.<\/p>\n<p>\u2022\u00a0\u00a0 \u00a0Kay\u0131n sapl\u0131 ve keskin \u00e7elik b\u0131\u00e7akl\u0131 keski.<br \/>\n\u2022\u00a0\u00a0 \u00a0Ergonomik dizayn<br \/>\n\u2022\u00a0\u00a0 \u00a0Boyut: 90 mm uzunluk, 50 mm geni\u015flik<\/p>\n<p>Daha fazla bilgi:<br \/>\n\u2022\u00a0 \u00a0Ah\u015fap y\u00fczeyler ve formwork kal\u0131p tamir i\u015flemleri i\u00e7in tasarlanm\u0131\u015ft\u0131r.<br \/>\n\u2022\u00a0 \u00a0Keski alet standart olarak Wood Repair profesyonel set ve Wood Repair Battey Kit\u2019lerin i\u00e7erisinde bulunur.<\/p>\n","protected":false},"featured_media":3665,"template":"","meta":{"_acf_changed":false},"product_cat":[66],"product_tag":[],"class_list":["post-3693","product","type-product","status-publish","has-post-thumbnail","hentry","product_cat-wood-repair-macun"],"acf":[],"_links":{"self":[{"href":"https:\/\/www.ilkaytrade.com.tr\/tr\/wp-json\/wp\/v2\/product\/3693","targetHints":{"allow":["GET"]}}],"collection":[{"href":"https:\/\/www.ilkaytrade.com.tr\/tr\/wp-json\/wp\/v2\/product"}],"about":[{"href":"https:\/\/www.ilkaytrade.com.tr\/tr\/wp-json\/wp\/v2\/types\/product"}],"wp:featuredmedia":[{"embeddable":true,"href":"https:\/\/www.ilkaytrade.com.tr\/tr\/wp-json\/wp\/v2\/media\/3665"}],"wp:attachment":[{"href":"https:\/\/www.ilkaytrade.com.tr\/tr\/wp-json\/wp\/v2\/media?parent=3693"}],"wp:term":[{"taxonomy":"product_cat","embeddable":true,"href":"https:\/\/www.ilkaytrade.com.tr\/tr\/wp-json\/wp\/v2\/product_cat?post=3693"},{"taxonomy":"product_tag","embeddable":true,"href":"https:\/\/www.ilkaytrade.com.tr\/tr\/wp-json\/wp\/v2\/product_tag?post=3693"}],"curies":[{"name":"wp","href":"https:\/\/api.w.org\/{rel}","templated":true}]}}