{"id":3692,"date":"2024-02-01T16:34:11","date_gmt":"2024-02-01T16:34:11","guid":{"rendered":"https:\/\/www.ilkaytrade.com.tr\/tr\/?post_type=product&#038;p=3692"},"modified":"2024-02-01T18:35:42","modified_gmt":"2024-02-01T18:35:42","slug":"granul-temizleme-yagi","status":"publish","type":"product","link":"https:\/\/www.ilkaytrade.com.tr\/tr\/urun\/granul-temizleme-yagi\/","title":{"rendered":"Gran\u00fcl Temizleme Ya\u011f\u0131"},"content":{"rendered":"","protected":false},"excerpt":{"rendered":"<p>Gran\u00fcl temizleme ya\u011f\u0131\u00a0 gran\u00fcl tabancan\u0131z\u0131n\u00a0 i\u00e7inde birikmi\u015f olan k\u00fc\u00e7\u00fck gran\u00fcl par\u00e7ac\u0131klar\u0131n\u0131n \u00e7\u0131kar\u0131lmas\u0131 i\u00e7in kullan\u0131l\u0131r.<\/p>\n","protected":false},"featured_media":3728,"template":"","meta":{"_acf_changed":false},"product_cat":[66],"product_tag":[],"class_list":["post-3692","product","type-product","status-publish","has-post-thumbnail","hentry","product_cat-wood-repair-macun"],"acf":[],"_links":{"self":[{"href":"https:\/\/www.ilkaytrade.com.tr\/tr\/wp-json\/wp\/v2\/product\/3692","targetHints":{"allow":["GET"]}}],"collection":[{"href":"https:\/\/www.ilkaytrade.com.tr\/tr\/wp-json\/wp\/v2\/product"}],"about":[{"href":"https:\/\/www.ilkaytrade.com.tr\/tr\/wp-json\/wp\/v2\/types\/product"}],"wp:featuredmedia":[{"embeddable":true,"href":"https:\/\/www.ilkaytrade.com.tr\/tr\/wp-json\/wp\/v2\/media\/3728"}],"wp:attachment":[{"href":"https:\/\/www.ilkaytrade.com.tr\/tr\/wp-json\/wp\/v2\/media?parent=3692"}],"wp:term":[{"taxonomy":"product_cat","embeddable":true,"href":"https:\/\/www.ilkaytrade.com.tr\/tr\/wp-json\/wp\/v2\/product_cat?post=3692"},{"taxonomy":"product_tag","embeddable":true,"href":"https:\/\/www.ilkaytrade.com.tr\/tr\/wp-json\/wp\/v2\/product_tag?post=3692"}],"curies":[{"name":"wp","href":"https:\/\/api.w.org\/{rel}","templated":true}]}}