{"id":3691,"date":"2024-02-01T16:33:28","date_gmt":"2024-02-01T16:33:28","guid":{"rendered":"https:\/\/www.ilkaytrade.com.tr\/tr\/?post_type=product&#038;p=3691"},"modified":"2024-02-01T18:36:10","modified_gmt":"2024-02-01T18:36:10","slug":"granul-temizleme-urunu","status":"publish","type":"product","link":"https:\/\/www.ilkaytrade.com.tr\/tr\/urun\/granul-temizleme-urunu\/","title":{"rendered":"Gran\u00fcl Temizleme \u00dcr\u00fcn\u00fc"},"content":{"rendered":"","protected":false},"excerpt":{"rendered":"<p>Temizleme Gran\u00fcl&#8217;\u00fc, \u00f6zellikle polyamid (PA) art\u0131klar\u0131n\u0131n temizlenmesi i\u00e7in geli\u015ftirilmi\u015ftir. Temizleme Gran\u00fcl&#8217;\u00fc, poliamid bazl\u0131 gran\u00fcl i\u00e7in kullan\u0131lan tank sistemlerini temizlemek i\u00e7in kullan\u0131l\u0131r. P\u00fcsk\u00fcrtme u\u00e7lar\u0131n\u0131, borular\u0131 vb. temizlemek i\u00e7in de kullan\u0131\u015fl\u0131d\u0131r.<\/p>\n<p><strong>\u00dcr\u00fcn bilgisi:\u00a0<\/strong><\/p>\n<ul>\n<li>Poliamid (PA) kal\u0131nt\u0131s\u0131n\u0131 giderir<\/li>\n<li>Poliamid i\u015fleyen tanklar\u0131 temizlemek i\u00e7in<\/li>\n<li>P\u00fcsk\u00fcrtme u\u00e7lar\u0131, t\u00fcpler, tanklar vb. i\u00e7in<\/li>\n<\/ul>\n<p>&nbsp;<\/p>\n","protected":false},"featured_media":3721,"template":"","meta":{"_acf_changed":false},"product_cat":[66],"product_tag":[],"class_list":["post-3691","product","type-product","status-publish","has-post-thumbnail","hentry","product_cat-wood-repair-macun"],"acf":[],"_links":{"self":[{"href":"https:\/\/www.ilkaytrade.com.tr\/tr\/wp-json\/wp\/v2\/product\/3691","targetHints":{"allow":["GET"]}}],"collection":[{"href":"https:\/\/www.ilkaytrade.com.tr\/tr\/wp-json\/wp\/v2\/product"}],"about":[{"href":"https:\/\/www.ilkaytrade.com.tr\/tr\/wp-json\/wp\/v2\/types\/product"}],"wp:featuredmedia":[{"embeddable":true,"href":"https:\/\/www.ilkaytrade.com.tr\/tr\/wp-json\/wp\/v2\/media\/3721"}],"wp:attachment":[{"href":"https:\/\/www.ilkaytrade.com.tr\/tr\/wp-json\/wp\/v2\/media?parent=3691"}],"wp:term":[{"taxonomy":"product_cat","embeddable":true,"href":"https:\/\/www.ilkaytrade.com.tr\/tr\/wp-json\/wp\/v2\/product_cat?post=3691"},{"taxonomy":"product_tag","embeddable":true,"href":"https:\/\/www.ilkaytrade.com.tr\/tr\/wp-json\/wp\/v2\/product_tag?post=3691"}],"curies":[{"name":"wp","href":"https:\/\/api.w.org\/{rel}","templated":true}]}}