{"id":3690,"date":"2024-02-01T16:32:29","date_gmt":"2024-02-01T16:32:29","guid":{"rendered":"https:\/\/www.ilkaytrade.com.tr\/tr\/?post_type=product&#038;p=3690"},"modified":"2024-02-01T18:37:01","modified_gmt":"2024-02-01T18:37:01","slug":"granul-knot-filler-uygulama-tabancasi","status":"publish","type":"product","link":"https:\/\/www.ilkaytrade.com.tr\/tr\/urun\/granul-knot-filler-uygulama-tabancasi\/","title":{"rendered":"Gran\u00fcl Knot Filler Uygulama Tabancas\u0131"},"content":{"rendered":"<p><iframe width=\"560\" height=\"315\" src=\"https:\/\/www.youtube.com\/embed\/kuPcYoxcvSk?si=TE9OR5yrE5Ek-Wp-\" title=\"YouTube video player\" frameborder=\"0\" allow=\"accelerometer; autoplay; clipboard-write; encrypted-media; gyroscope; picture-in-picture; web-share\" allowfullscreen><\/iframe><\/p>\n","protected":false},"excerpt":{"rendered":"<p>TR55 Knot Filler Gran\u00fclat uygulamas\u0131 i\u00e7in m\u00fckemmel bir profesyonel ara\u00e7t\u0131r. LCD ekranl\u0131 elektronik s\u0131cakl\u0131k d\u00fczenlemesi TR55 gran\u00fcl tabancas\u0131\u2019n\u0131n h\u0131zl\u0131 ve hassas \u00e7al\u0131\u015fmas\u0131n\u0131 sa\u011flar. S\u0131cakl\u0131k reg\u00fclasyonu s\u0131cakl\u0131\u011f\u0131 sabit bir seviyede tutar. Knot Filler gran\u00fcl&#8217;\u00fc, \u00e7al\u0131\u015fma h\u0131z\u0131n\u0131 artt\u0131ran ve Knot Filler&#8217;\u0131n tam dozunu sabitleyen hava bas\u0131nc\u0131 ile ekstr\u00fcde edilir. 300 ml&#8217;lik b\u00fcy\u00fck tank, uzun s\u00fcreli ve kesintisiz \u00e7al\u0131\u015fma imkan\u0131 sa\u011flar.<\/p>\n<ul>\n<li>Elektronik LCD ekranl\u0131 \u0131s\u0131 derece ayarl\u0131<\/li>\n<li>ile 10 dakika aras\u0131nda \u00e7al\u0131\u015fmaya haz\u0131r hale gelir.<\/li>\n<li>LCD ekran = Hatas\u0131z\u00a0derece g\u00f6stergesi<\/li>\n<li>Is\u0131 derecesi sabitlenebilir.<\/li>\n<li>330 ml tank kapasitesi<\/li>\n<\/ul>\n","protected":false},"featured_media":3730,"template":"","meta":{"_acf_changed":false},"product_cat":[66],"product_tag":[],"class_list":["post-3690","product","type-product","status-publish","has-post-thumbnail","hentry","product_cat-wood-repair-macun"],"acf":[],"_links":{"self":[{"href":"https:\/\/www.ilkaytrade.com.tr\/tr\/wp-json\/wp\/v2\/product\/3690","targetHints":{"allow":["GET"]}}],"collection":[{"href":"https:\/\/www.ilkaytrade.com.tr\/tr\/wp-json\/wp\/v2\/product"}],"about":[{"href":"https:\/\/www.ilkaytrade.com.tr\/tr\/wp-json\/wp\/v2\/types\/product"}],"wp:featuredmedia":[{"embeddable":true,"href":"https:\/\/www.ilkaytrade.com.tr\/tr\/wp-json\/wp\/v2\/media\/3730"}],"wp:attachment":[{"href":"https:\/\/www.ilkaytrade.com.tr\/tr\/wp-json\/wp\/v2\/media?parent=3690"}],"wp:term":[{"taxonomy":"product_cat","embeddable":true,"href":"https:\/\/www.ilkaytrade.com.tr\/tr\/wp-json\/wp\/v2\/product_cat?post=3690"},{"taxonomy":"product_tag","embeddable":true,"href":"https:\/\/www.ilkaytrade.com.tr\/tr\/wp-json\/wp\/v2\/product_tag?post=3690"}],"curies":[{"name":"wp","href":"https:\/\/api.w.org\/{rel}","templated":true}]}}