{"id":3689,"date":"2024-02-01T16:31:31","date_gmt":"2024-02-01T16:31:31","guid":{"rendered":"https:\/\/www.ilkaytrade.com.tr\/tr\/?post_type=product&#038;p=3689"},"modified":"2024-02-01T18:37:56","modified_gmt":"2024-02-01T18:37:56","slug":"firca-uclu-kalemler","status":"publish","type":"product","link":"https:\/\/www.ilkaytrade.com.tr\/tr\/urun\/firca-uclu-kalemler\/","title":{"rendered":"F\u0131r\u00e7a U\u00e7lu Kalemler"},"content":{"rendered":"<p><iframe width=\"560\" height=\"315\" src=\"https:\/\/www.youtube.com\/embed\/PxvFj2yNVGQ?si=Dy3KxsaBckm-fPQO\" title=\"YouTube video player\" frameborder=\"0\" allow=\"accelerometer; autoplay; clipboard-write; encrypted-media; gyroscope; picture-in-picture; web-share\" allowfullscreen><\/iframe><\/p>\n","protected":false},"excerpt":{"rendered":"<p>F\u0131r\u00e7a u\u00e7lu kalemler i\u015faretleyici bir mikro f\u0131r\u00e7a ucu aplikat\u00f6r\u00fc i\u00e7erir. Bu i\u015faretleyici u\u00e7, rengi do\u011fru \u015fekilde tozlar veya kokular olmadan tam olarak ihtiya\u00e7 duyulan yere uygulaman\u0131z\u0131 sa\u011flar. Brush Tip Marker, servis teknisyenleri, ma\u011faza teknisyenleri veya fabrika hatt\u0131 teknisyenleri i\u00e7in m\u00fckemmeldir.<\/p>\n<ul>\n<li>Kullan\u0131ma haz\u0131r<\/li>\n<li>Renkleri kar\u0131\u015ft\u0131rmak m\u00fcmk\u00fcn<\/li>\n<li>Kolay uygulama<\/li>\n<li>Y\u00fczeysel i\u015flem kabul eder<\/li>\n<li>24 renk se\u00e7enekli total F\u0131r\u00e7a u\u00e7lu kalem kitleri<\/li>\n<\/ul>\n","protected":false},"featured_media":3648,"template":"","meta":{"_acf_changed":false},"product_cat":[66],"product_tag":[],"class_list":["post-3689","product","type-product","status-publish","has-post-thumbnail","hentry","product_cat-wood-repair-macun"],"acf":[],"_links":{"self":[{"href":"https:\/\/www.ilkaytrade.com.tr\/tr\/wp-json\/wp\/v2\/product\/3689","targetHints":{"allow":["GET"]}}],"collection":[{"href":"https:\/\/www.ilkaytrade.com.tr\/tr\/wp-json\/wp\/v2\/product"}],"about":[{"href":"https:\/\/www.ilkaytrade.com.tr\/tr\/wp-json\/wp\/v2\/types\/product"}],"wp:featuredmedia":[{"embeddable":true,"href":"https:\/\/www.ilkaytrade.com.tr\/tr\/wp-json\/wp\/v2\/media\/3648"}],"wp:attachment":[{"href":"https:\/\/www.ilkaytrade.com.tr\/tr\/wp-json\/wp\/v2\/media?parent=3689"}],"wp:term":[{"taxonomy":"product_cat","embeddable":true,"href":"https:\/\/www.ilkaytrade.com.tr\/tr\/wp-json\/wp\/v2\/product_cat?post=3689"},{"taxonomy":"product_tag","embeddable":true,"href":"https:\/\/www.ilkaytrade.com.tr\/tr\/wp-json\/wp\/v2\/product_tag?post=3689"}],"curies":[{"name":"wp","href":"https:\/\/api.w.org\/{rel}","templated":true}]}}