{"id":3688,"date":"2024-02-01T16:30:19","date_gmt":"2024-02-01T16:30:19","guid":{"rendered":"https:\/\/www.ilkaytrade.com.tr\/tr\/?post_type=product&#038;p=3688"},"modified":"2024-02-01T18:38:39","modified_gmt":"2024-02-01T18:38:39","slug":"e850-siva-dolgu","status":"publish","type":"product","link":"https:\/\/www.ilkaytrade.com.tr\/tr\/urun\/e850-siva-dolgu\/","title":{"rendered":"E850 S\u0131va Dolgu"},"content":{"rendered":"<p><iframe width=\"560\" height=\"315\" src=\"https:\/\/www.youtube.com\/embed\/pnjY6b5dDFo?si=Kd_AZ3QiqlK72D4F\" title=\"YouTube video player\" frameborder=\"0\" allow=\"accelerometer; autoplay; clipboard-write; encrypted-media; gyroscope; picture-in-picture; web-share\" allowfullscreen><\/iframe><\/p>\n","protected":false},"excerpt":{"rendered":"<p>E850 s\u0131va dolgu, \u00f6zellikle ah\u015fap parkeler i\u00e7in geli\u015ftirilmi\u015f \u00f6zel bir macun dolgu maddesidir. E850, ah\u015fap zeminlerde budak, \u00e7atlak, delik ve di\u011fer kusurlar\u0131 kapatmay\u0131 kolayla\u015ft\u0131ran ince taneli bir dokuya sahiptir. E850 ile tek seferde uygulama yeterlidir. Z\u0131mpara s\u0131ras\u0131nda az toz \u00e7\u0131kar\u0131r.\u00a0Her t\u00fcrl\u00fc y\u00fczeysel i\u015flem i\u00e7in uygundur.<\/p>\n<p><strong>\u00dcr\u00fcn bilgisi:<\/strong><\/p>\n<ul>\n<li>Su itici \u00f6zellikli<\/li>\n<li>\u0130nce taneli<\/li>\n<li>Ah\u015fap parke ve restorasyonlar\u0131nda kullan\u0131l\u0131r<\/li>\n<li>Tek seferde uygulan\u0131r<\/li>\n<li>Z\u0131mpara s\u0131ras\u0131nda toz yapmaz<\/li>\n<li>Zehirli madde i\u00e7ermez<\/li>\n<li>Kullan\u0131ma haz\u0131rd\u0131r<\/li>\n<li>\u0130\u00e7 ve d\u0131\u015f mekan<\/li>\n<li>Y\u00fcksek kaliteli<\/li>\n<\/ul>\n<p><strong>Paketleme:<\/strong><br \/>\n\u2022\u00a0 \u00a07 kg kova<\/p>\n","protected":false},"featured_media":3722,"template":"","meta":{"_acf_changed":false},"product_cat":[66],"product_tag":[],"class_list":["post-3688","product","type-product","status-publish","has-post-thumbnail","hentry","product_cat-wood-repair-macun"],"acf":[],"_links":{"self":[{"href":"https:\/\/www.ilkaytrade.com.tr\/tr\/wp-json\/wp\/v2\/product\/3688","targetHints":{"allow":["GET"]}}],"collection":[{"href":"https:\/\/www.ilkaytrade.com.tr\/tr\/wp-json\/wp\/v2\/product"}],"about":[{"href":"https:\/\/www.ilkaytrade.com.tr\/tr\/wp-json\/wp\/v2\/types\/product"}],"wp:featuredmedia":[{"embeddable":true,"href":"https:\/\/www.ilkaytrade.com.tr\/tr\/wp-json\/wp\/v2\/media\/3722"}],"wp:attachment":[{"href":"https:\/\/www.ilkaytrade.com.tr\/tr\/wp-json\/wp\/v2\/media?parent=3688"}],"wp:term":[{"taxonomy":"product_cat","embeddable":true,"href":"https:\/\/www.ilkaytrade.com.tr\/tr\/wp-json\/wp\/v2\/product_cat?post=3688"},{"taxonomy":"product_tag","embeddable":true,"href":"https:\/\/www.ilkaytrade.com.tr\/tr\/wp-json\/wp\/v2\/product_tag?post=3688"}],"curies":[{"name":"wp","href":"https:\/\/api.w.org\/{rel}","templated":true}]}}