{"id":3687,"date":"2024-02-01T16:28:39","date_gmt":"2024-02-01T16:28:39","guid":{"rendered":"https:\/\/www.ilkaytrade.com.tr\/tr\/?post_type=product&#038;p=3687"},"modified":"2024-02-01T18:39:28","modified_gmt":"2024-02-01T18:39:28","slug":"buyuk-aluminyum-sogutma-blogu-80x180mm","status":"publish","type":"product","link":"https:\/\/www.ilkaytrade.com.tr\/tr\/urun\/buyuk-aluminyum-sogutma-blogu-80x180mm\/","title":{"rendered":"B\u00fcy\u00fck Al\u00fcminyum So\u011futma Blo\u011fu 80x180mm"},"content":{"rendered":"<p><iframe width=\"560\" height=\"315\" src=\"https:\/\/www.youtube.com\/embed\/KJrBNXtInXQ?si=KKEMG9HsX5JOf0J6\" title=\"YouTube video player\" frameborder=\"0\" allow=\"accelerometer; autoplay; clipboard-write; encrypted-media; gyroscope; picture-in-picture; web-share\" allowfullscreen><\/iframe><\/p>\n","protected":false},"excerpt":{"rendered":"<p>So\u011futma demiri knot filler uyguland\u0131ktan sonra s\u0131cak olan y\u00fczeye bast\u0131r\u0131lmal\u0131d\u0131r. Bu uygulama knot filler\u2019in tamamen uygulanan yere yerle\u015fmesine ve knot filler\u2019\u0131 z\u0131mpara i\u015flemi i\u00e7in haz\u0131r hale getirir.<\/p>\n<ul>\n<li>Plastik tutacakl\u0131 al\u00fcminyum blok.<\/li>\n<li>80x180mm.<\/li>\n<li>B\u00fcy\u00fck \u00e7apl\u0131 ve uzun yar\u0131klar i\u00e7in ideal&#8217;dir.<\/li>\n<li>Formwork kal\u0131plar\u0131 i\u00e7in uygundur.<\/li>\n<\/ul>\n<p>Not: Wood Repair profesyonel kit ve Wood Repair \u015farjl\u0131 kitle beraber sat\u0131l\u0131r.<\/p>\n","protected":false},"featured_media":3661,"template":"","meta":{"_acf_changed":false},"product_cat":[66],"product_tag":[],"class_list":["post-3687","product","type-product","status-publish","has-post-thumbnail","hentry","product_cat-wood-repair-macun"],"acf":[],"_links":{"self":[{"href":"https:\/\/www.ilkaytrade.com.tr\/tr\/wp-json\/wp\/v2\/product\/3687","targetHints":{"allow":["GET"]}}],"collection":[{"href":"https:\/\/www.ilkaytrade.com.tr\/tr\/wp-json\/wp\/v2\/product"}],"about":[{"href":"https:\/\/www.ilkaytrade.com.tr\/tr\/wp-json\/wp\/v2\/types\/product"}],"wp:featuredmedia":[{"embeddable":true,"href":"https:\/\/www.ilkaytrade.com.tr\/tr\/wp-json\/wp\/v2\/media\/3661"}],"wp:attachment":[{"href":"https:\/\/www.ilkaytrade.com.tr\/tr\/wp-json\/wp\/v2\/media?parent=3687"}],"wp:term":[{"taxonomy":"product_cat","embeddable":true,"href":"https:\/\/www.ilkaytrade.com.tr\/tr\/wp-json\/wp\/v2\/product_cat?post=3687"},{"taxonomy":"product_tag","embeddable":true,"href":"https:\/\/www.ilkaytrade.com.tr\/tr\/wp-json\/wp\/v2\/product_tag?post=3687"}],"curies":[{"name":"wp","href":"https:\/\/api.w.org\/{rel}","templated":true}]}}