{"id":3686,"date":"2024-02-01T16:26:16","date_gmt":"2024-02-01T16:26:16","guid":{"rendered":"https:\/\/www.ilkaytrade.com.tr\/tr\/?post_type=product&#038;p=3686"},"modified":"2024-02-01T18:40:17","modified_gmt":"2024-02-01T18:40:17","slug":"bcd-540-knot-filler-uygulama-tabancasi","status":"publish","type":"product","link":"https:\/\/www.ilkaytrade.com.tr\/tr\/urun\/bcd-540-knot-filler-uygulama-tabancasi\/","title":{"rendered":"BCD 540 Knot Filler Uygulama Tabancas\u0131"},"content":{"rendered":"<p><iframe width=\"560\" height=\"315\" src=\"https:\/\/www.youtube.com\/embed\/DXAs3zGwpJw?si=3p30kKu_kpGlIEhQ\" title=\"YouTube video player\" frameborder=\"0\" allow=\"accelerometer; autoplay; clipboard-write; encrypted-media; gyroscope; picture-in-picture; web-share\" allowfullscreen><\/iframe><\/p>\n","protected":false},"excerpt":{"rendered":"<p>Profesyoneller i\u00e7in \u015farj edilebilir tabancad\u0131r. BCD 540 tabanca kablosuzdur ve \u015farj edilebilen pil ile \u00e7al\u0131\u015fmaktad\u0131r. Kullan\u0131m\u0131 ergonomiktir ve 5 dakika i\u00e7inde kullan\u0131ma haz\u0131r hale gelir.<\/p>\n<ul>\n<li>Knot filler \u00e7ubuklar i\u00e7in uygundur<\/li>\n<li>100 \u2013 120 dakika \u00e7al\u0131\u015fma s\u00fcresi<\/li>\n<li>170 derece \u00e7al\u0131\u015fma \u0131s\u0131s\u0131<\/li>\n<li>5 dakika \u0131s\u0131nma s\u00fcresi<\/li>\n<li>2.0Ah ve 5.0Ah olmak \u00fczere iki farkl\u0131 pil se\u00e7ene\u011fi<\/li>\n<li>Lityum pil ve \u015farj aletiyle birlikte sat\u0131l\u0131r<\/li>\n<\/ul>\n","protected":false},"featured_media":3719,"template":"","meta":{"_acf_changed":false},"product_cat":[66],"product_tag":[],"class_list":["post-3686","product","type-product","status-publish","has-post-thumbnail","hentry","product_cat-wood-repair-macun"],"acf":[],"_links":{"self":[{"href":"https:\/\/www.ilkaytrade.com.tr\/tr\/wp-json\/wp\/v2\/product\/3686","targetHints":{"allow":["GET"]}}],"collection":[{"href":"https:\/\/www.ilkaytrade.com.tr\/tr\/wp-json\/wp\/v2\/product"}],"about":[{"href":"https:\/\/www.ilkaytrade.com.tr\/tr\/wp-json\/wp\/v2\/types\/product"}],"wp:featuredmedia":[{"embeddable":true,"href":"https:\/\/www.ilkaytrade.com.tr\/tr\/wp-json\/wp\/v2\/media\/3719"}],"wp:attachment":[{"href":"https:\/\/www.ilkaytrade.com.tr\/tr\/wp-json\/wp\/v2\/media?parent=3686"}],"wp:term":[{"taxonomy":"product_cat","embeddable":true,"href":"https:\/\/www.ilkaytrade.com.tr\/tr\/wp-json\/wp\/v2\/product_cat?post=3686"},{"taxonomy":"product_tag","embeddable":true,"href":"https:\/\/www.ilkaytrade.com.tr\/tr\/wp-json\/wp\/v2\/product_tag?post=3686"}],"curies":[{"name":"wp","href":"https:\/\/api.w.org\/{rel}","templated":true}]}}