{"id":3684,"date":"2024-02-01T16:24:25","date_gmt":"2024-02-01T16:24:25","guid":{"rendered":"https:\/\/www.ilkaytrade.com.tr\/tr\/?post_type=product&#038;p=3684"},"modified":"2024-02-01T18:41:08","modified_gmt":"2024-02-01T18:41:08","slug":"bcd-360-knot-filler-uygulama-tabancasi","status":"publish","type":"product","link":"https:\/\/www.ilkaytrade.com.tr\/tr\/urun\/bcd-360-knot-filler-uygulama-tabancasi\/","title":{"rendered":"BCD 360 Knot Filler Uygulama Tabancas\u0131"},"content":{"rendered":"<p><iframe width=\"560\" height=\"315\" src=\"https:\/\/www.youtube.com\/embed\/j51d-KFC-QU?si=qzp14LGakJESZ9oq\" title=\"YouTube video player\" frameborder=\"0\" allow=\"accelerometer; autoplay; clipboard-write; encrypted-media; gyroscope; picture-in-picture; web-share\" allowfullscreen><\/iframe><\/p>\n","protected":false},"excerpt":{"rendered":"<p>BCD 360 Knot Filler tabancas\u0131 \u00f6zellikle Knot Filler uygulamas\u0131 i\u00e7in tasarlanm\u0131\u015ft\u0131r. End\u00fcstri ve uzun s\u00fcreli kullan\u0131m i\u00e7in ideal&#8217;dir. BCD 360 Knot Filler tabancas\u0131yla, ah\u015faptaki her t\u00fcrl\u00fc budak, \u00e7atlak, kenar ve k\u00f6\u015fe tamirleri kolayca uygulanabilir.<\/p>\n<ul>\n<li>Profesyonel ve dayan\u0131kl\u0131 Knot Filler Tabanca<\/li>\n<li>Knot Filler \u00e7ubuklar i\u00e7in uygundur<\/li>\n<li>Uzun s\u00fcreli kullan\u0131m i\u00e7in tasarlanm\u0131\u015ft\u0131r<\/li>\n<li>Derece Ayarlanabilir Thermostat<\/li>\n<li>H\u0131zl\u0131 \u0131s\u0131nma, sadece 2 dakika<\/li>\n<li>300 Watt, 600 gr<\/li>\n<li>De\u011fi\u015ftirilebilir u\u00e7 \u00f6zelli\u011fi 1,5 mm,3 mm veya 4 mm<\/li>\n<\/ul>\n","protected":false},"featured_media":3685,"template":"","meta":{"_acf_changed":false},"product_cat":[66],"product_tag":[],"class_list":["post-3684","product","type-product","status-publish","has-post-thumbnail","hentry","product_cat-wood-repair-macun"],"acf":[],"_links":{"self":[{"href":"https:\/\/www.ilkaytrade.com.tr\/tr\/wp-json\/wp\/v2\/product\/3684","targetHints":{"allow":["GET"]}}],"collection":[{"href":"https:\/\/www.ilkaytrade.com.tr\/tr\/wp-json\/wp\/v2\/product"}],"about":[{"href":"https:\/\/www.ilkaytrade.com.tr\/tr\/wp-json\/wp\/v2\/types\/product"}],"wp:featuredmedia":[{"embeddable":true,"href":"https:\/\/www.ilkaytrade.com.tr\/tr\/wp-json\/wp\/v2\/media\/3685"}],"wp:attachment":[{"href":"https:\/\/www.ilkaytrade.com.tr\/tr\/wp-json\/wp\/v2\/media?parent=3684"}],"wp:term":[{"taxonomy":"product_cat","embeddable":true,"href":"https:\/\/www.ilkaytrade.com.tr\/tr\/wp-json\/wp\/v2\/product_cat?post=3684"},{"taxonomy":"product_tag","embeddable":true,"href":"https:\/\/www.ilkaytrade.com.tr\/tr\/wp-json\/wp\/v2\/product_tag?post=3684"}],"curies":[{"name":"wp","href":"https:\/\/api.w.org\/{rel}","templated":true}]}}