{"id":3683,"date":"2024-02-01T16:20:21","date_gmt":"2024-02-01T16:20:21","guid":{"rendered":"https:\/\/www.ilkaytrade.com.tr\/tr\/?post_type=product&#038;p=3683"},"modified":"2024-02-01T18:41:55","modified_gmt":"2024-02-01T18:41:55","slug":"bcd-180-sabit-isili-knot-filler-uygulama-tabancasi","status":"publish","type":"product","link":"https:\/\/www.ilkaytrade.com.tr\/tr\/urun\/bcd-180-sabit-isili-knot-filler-uygulama-tabancasi\/","title":{"rendered":"BCD 180 (sabit \u0131s\u0131l\u0131) Knot Filler Uygulama Tabancas\u0131"},"content":{"rendered":"<p><iframe width=\"560\" height=\"315\" src=\"https:\/\/www.youtube.com\/embed\/WHeCMc4qkEs?si=0Kgt0VIfAgnuH8V8\" title=\"YouTube video player\" frameborder=\"0\" allow=\"accelerometer; autoplay; clipboard-write; encrypted-media; gyroscope; picture-in-picture; web-share\" allowfullscreen><\/iframe><\/p>\n","protected":false},"excerpt":{"rendered":"<p>Hobi ama\u00e7l\u0131 ve k\u00fc\u00e7\u00fck \u00e7apl\u0131 Knot Filler uygulamalar\u0131 i\u00e7in uygundur.\u00a0 K\u00fc\u00e7\u00fck \u00e7apl\u0131 ah\u015fap i\u015fleriyle ve hobi olarak uygulama yapmak isteyenler i\u00e7in idealdir.<\/p>\n<ul>\n<li>\u00a012 mm \u00e7ubuklar ile \u00e7al\u0131\u015f\u0131labilir<\/li>\n<li>170\u00b0C derece sabit \u0131s\u0131<\/li>\n<li>De\u011fi\u015ftirilebilir u\u00e7 \u00f6zelli\u011fi 1,5 mm,3 mm veya 4 mm<\/li>\n<li>Tabancan\u0131z\u0131n 2-3 dakika \u0131s\u0131nmas\u0131n\u0131 bekleyiniz<\/li>\n<\/ul>\n","protected":false},"featured_media":3720,"template":"","meta":{"_acf_changed":false},"product_cat":[66],"product_tag":[],"class_list":["post-3683","product","type-product","status-publish","has-post-thumbnail","hentry","product_cat-wood-repair-macun"],"acf":[],"_links":{"self":[{"href":"https:\/\/www.ilkaytrade.com.tr\/tr\/wp-json\/wp\/v2\/product\/3683","targetHints":{"allow":["GET"]}}],"collection":[{"href":"https:\/\/www.ilkaytrade.com.tr\/tr\/wp-json\/wp\/v2\/product"}],"about":[{"href":"https:\/\/www.ilkaytrade.com.tr\/tr\/wp-json\/wp\/v2\/types\/product"}],"wp:featuredmedia":[{"embeddable":true,"href":"https:\/\/www.ilkaytrade.com.tr\/tr\/wp-json\/wp\/v2\/media\/3720"}],"wp:attachment":[{"href":"https:\/\/www.ilkaytrade.com.tr\/tr\/wp-json\/wp\/v2\/media?parent=3683"}],"wp:term":[{"taxonomy":"product_cat","embeddable":true,"href":"https:\/\/www.ilkaytrade.com.tr\/tr\/wp-json\/wp\/v2\/product_cat?post=3683"},{"taxonomy":"product_tag","embeddable":true,"href":"https:\/\/www.ilkaytrade.com.tr\/tr\/wp-json\/wp\/v2\/product_tag?post=3683"}],"curies":[{"name":"wp","href":"https:\/\/api.w.org\/{rel}","templated":true}]}}