{"id":3682,"date":"2024-02-01T16:18:42","date_gmt":"2024-02-01T16:18:42","guid":{"rendered":"https:\/\/www.ilkaytrade.com.tr\/tr\/?post_type=product&#038;p=3682"},"modified":"2024-02-01T18:42:45","modified_gmt":"2024-02-01T18:42:45","slug":"ahsap-macunu","status":"publish","type":"product","link":"https:\/\/www.ilkaytrade.com.tr\/tr\/urun\/ahsap-macunu\/","title":{"rendered":"Ah\u015fap Macunu"},"content":{"rendered":"<p><iframe width=\"560\" height=\"315\" src=\"https:\/\/www.youtube.com\/embed\/8d8eM61gk18?si=3zoMgGFWNUOj74hA\" title=\"YouTube video player\" frameborder=\"0\" allow=\"accelerometer; autoplay; clipboard-write; encrypted-media; gyroscope; picture-in-picture; web-share\" allowfullscreen><\/iframe><\/p>\n","protected":false},"excerpt":{"rendered":"<p>Ah\u015fap Macunu, kullan\u0131m\u0131 kolay, ince taneli k\u0131vama sahip geleneksel bir macun dolgusudur. Ah\u015fap Macun, di\u011fer macun dolgulara g\u00f6re ekonomik bir alternatiftir ve budak, \u00e7atlak vb. onar\u0131mlar\u0131 i\u00e7in uygundur. Bir\u00e7ok farkl\u0131 ah\u015fap sekt\u00f6r\u00fcnde kullan\u0131l\u0131r.<\/p>\n<ul>\n<li>Geleneksel macun dolgusu<\/li>\n<li>\u0130nce taneli k\u0131vam<\/li>\n<li>\u00c7e\u015fitli renkler<\/li>\n<li>Kullan\u0131ma haz\u0131rd\u0131r<\/li>\n<li>Kuruma s\u00fcresi onar\u0131m\u0131n boyutuna ve derinli\u011fine ba\u011fl\u0131d\u0131r<\/li>\n<li>Su ge\u00e7irmez de\u011fildir, onar\u0131m\u0131 sa\u011flamak i\u00e7in y\u00fczey i\u015flemine ihtiya\u00e7 duyar<\/li>\n<\/ul>\n","protected":false},"featured_media":3718,"template":"","meta":{"_acf_changed":false},"product_cat":[66],"product_tag":[],"class_list":["post-3682","product","type-product","status-publish","has-post-thumbnail","hentry","product_cat-wood-repair-macun"],"acf":[],"_links":{"self":[{"href":"https:\/\/www.ilkaytrade.com.tr\/tr\/wp-json\/wp\/v2\/product\/3682","targetHints":{"allow":["GET"]}}],"collection":[{"href":"https:\/\/www.ilkaytrade.com.tr\/tr\/wp-json\/wp\/v2\/product"}],"about":[{"href":"https:\/\/www.ilkaytrade.com.tr\/tr\/wp-json\/wp\/v2\/types\/product"}],"wp:featuredmedia":[{"embeddable":true,"href":"https:\/\/www.ilkaytrade.com.tr\/tr\/wp-json\/wp\/v2\/media\/3718"}],"wp:attachment":[{"href":"https:\/\/www.ilkaytrade.com.tr\/tr\/wp-json\/wp\/v2\/media?parent=3682"}],"wp:term":[{"taxonomy":"product_cat","embeddable":true,"href":"https:\/\/www.ilkaytrade.com.tr\/tr\/wp-json\/wp\/v2\/product_cat?post=3682"},{"taxonomy":"product_tag","embeddable":true,"href":"https:\/\/www.ilkaytrade.com.tr\/tr\/wp-json\/wp\/v2\/product_tag?post=3682"}],"curies":[{"name":"wp","href":"https:\/\/api.w.org\/{rel}","templated":true}]}}