{"id":3646,"date":"2024-02-01T16:16:29","date_gmt":"2024-02-01T16:16:29","guid":{"rendered":"https:\/\/www.ilkaytrade.com.tr\/tr\/?post_type=product&#038;p=3646"},"modified":"2024-02-01T18:43:41","modified_gmt":"2024-02-01T18:43:41","slug":"3u-bir-arada-tamir-mumu","status":"publish","type":"product","link":"https:\/\/www.ilkaytrade.com.tr\/tr\/urun\/3u-bir-arada-tamir-mumu\/","title":{"rendered":"3\u2019\u00fc Bir Arada Tamir Mumu"},"content":{"rendered":"<p><iframe width=\"560\" height=\"315\" src=\"https:\/\/www.youtube.com\/embed\/oYmqY9ukcoU?si=u99UWL_MZVlakqEP\" title=\"YouTube video player\" frameborder=\"0\" allow=\"accelerometer; autoplay; clipboard-write; encrypted-media; gyroscope; picture-in-picture; web-share\" allowfullscreen><\/iframe><\/p>\n","protected":false},"excerpt":{"rendered":"<p>3&#8217;\u00fc 1 arada tamir mumu ah\u015fap y\u00fczeylerde h\u0131zl\u0131 r\u00f6tu\u015flar i\u00e7in m\u00fckemmel bir ara\u00e7t\u0131r. farkl\u0131 renk 15 farkl\u0131 renk se\u00e7ene\u011fi. 3 farkl\u0131 beyaz renk n\u00fcans se\u00e7enekleri vard\u0131r.<\/p>\n<p><strong>\u00dcr\u00fcn bilgisi:\u00a0<\/strong><br \/>\n\u2022 \u00a0Kalem, Wax stick ve y\u00fczey e\u015fitleyici<br \/>\n\u2022\u00a0 \u00a0Ayn\u0131 renklerden olu\u015fan kalem ve wax stick<br \/>\n\u2022\u00a0 \u00a0Y\u00fczey e\u015fitleyici ile kusursuz sonu\u00e7lar<br \/>\n\u2022\u00a0 \u00a0Kullan\u0131m\u0131 kolay<br \/>\n\u2022\u00a0 \u00a015 farkl\u0131 \u00e7e\u015fit renk<\/p>\n<p><strong>Ne i\u00e7in Kullan\u0131labilir? <\/strong><\/p>\n<p>D\u00f6\u015feme, mobilya, kap\u0131 ve pencere do\u011framalar\u0131, merdivenler ve di\u011fer ah\u015fap y\u00fczeyler\u2026<\/p>\n","protected":false},"featured_media":3647,"template":"","meta":{"_acf_changed":false},"product_cat":[66],"product_tag":[],"class_list":["post-3646","product","type-product","status-publish","has-post-thumbnail","hentry","product_cat-wood-repair-macun"],"acf":[],"_links":{"self":[{"href":"https:\/\/www.ilkaytrade.com.tr\/tr\/wp-json\/wp\/v2\/product\/3646","targetHints":{"allow":["GET"]}}],"collection":[{"href":"https:\/\/www.ilkaytrade.com.tr\/tr\/wp-json\/wp\/v2\/product"}],"about":[{"href":"https:\/\/www.ilkaytrade.com.tr\/tr\/wp-json\/wp\/v2\/types\/product"}],"wp:featuredmedia":[{"embeddable":true,"href":"https:\/\/www.ilkaytrade.com.tr\/tr\/wp-json\/wp\/v2\/media\/3647"}],"wp:attachment":[{"href":"https:\/\/www.ilkaytrade.com.tr\/tr\/wp-json\/wp\/v2\/media?parent=3646"}],"wp:term":[{"taxonomy":"product_cat","embeddable":true,"href":"https:\/\/www.ilkaytrade.com.tr\/tr\/wp-json\/wp\/v2\/product_cat?post=3646"},{"taxonomy":"product_tag","embeddable":true,"href":"https:\/\/www.ilkaytrade.com.tr\/tr\/wp-json\/wp\/v2\/product_tag?post=3646"}],"curies":[{"name":"wp","href":"https:\/\/api.w.org\/{rel}","templated":true}]}}