{"id":3417,"date":"2023-08-21T11:32:23","date_gmt":"2023-08-21T11:32:23","guid":{"rendered":"https:\/\/www.ilkaytrade.com.tr\/tr\/?post_type=product&#038;p=3417"},"modified":"2023-12-10T16:25:25","modified_gmt":"2023-12-10T16:25:25","slug":"tikkurila-boya-valtti-plus-wood-oil","status":"publish","type":"product","link":"https:\/\/www.ilkaytrade.com.tr\/tr\/urun\/tikkurila-boya-valtti-plus-wood-oil\/","title":{"rendered":"Valtti Plus Wood Oil"},"content":{"rendered":"<ul>\n<li>D\u0131\u015f mekan ah\u015fap y\u00fczeyler i\u00e7in koruma ya\u011f\u0131<\/li>\n<li>Ah\u015fab\u0131n \u00e7atlamas\u0131n\u0131 engeller<\/li>\n<li>G\u00fc\u00e7l\u00fc nem korumas\u0131, ah\u015fap y\u00fczeyi hava ko\u015fullar\u0131na dayan\u0131kl\u0131 hale getirir<\/li>\n<li>Renklendirme ile geni\u015f bir renk yelpazesi mevcuttur<\/li>\n<li>Valtti Plus Wood Oil i\u00e7in, toplam organik karbonun% 75&#8217;i biyo bazl\u0131 i\u00e7erik ile de\u011fi\u015ftirilir (ASTM D6866-18&#8217;e g\u00f6re \u00f6l\u00e7\u00fclm\u00fc\u015ft\u00fcr), bu da toplam \u00fcr\u00fcn i\u00e7eri\u011finin %18&#8217;inin biyo bazl\u0131 oldu\u011fu anlam\u0131na gelir<\/li>\n<li>\u00c7\u0131plak veya \u00f6nceden ya\u011f uygulanm\u0131\u015f d\u0131\u015f cephe ah\u015fap y\u00fczeyleri korumak i\u00e7in uygundur<\/li>\n<li>Emprenye edilmi\u015f ah\u015fap (bas\u0131n\u00e7la i\u015flenmi\u015f ah\u015fap), sert a\u011fa\u00e7, termal olarak modifiye edilmi\u015f<\/li>\n<li>Thermowood ah\u015fap ve i\u015flenmemi\u015f ah\u015fap i\u00e7in uygundur<\/li>\n<\/ul>\n<p>Detayl\u0131 bilgi i\u00e7in;<\/p>\n<p><a href=\"http:\/\/www.ilkaytrade.com.tr\/tr\/wp-content\/uploads\/2023\/08\/Valtti-PLUS-WOOD-OIL-TR.pdf\">Tikkurila Boya &#8211; Valtti Plus Wood Oil Ah\u015fap Koruma Ya\u011f\u0131<\/a><\/p>\n<p><a href=\"http:\/\/www.ilkaytrade.com.tr\/tr\/wp-content\/uploads\/2023\/08\/valttipluswoodoil-min.pdf\">\u00dcr\u00fcn Bro\u015f\u00fcr\u00fcn\u00fc G\u00f6rmek \u0130\u00e7in T\u0131klay\u0131n\u0131z.<\/a><\/p>\n","protected":false},"excerpt":{"rendered":"<p>Bio Ya\u011f i\u00e7erikli Su Bazl\u0131 Ah\u015fap Ya\u011f\u0131<\/p>\n","protected":false},"featured_media":3418,"template":"","meta":{"_acf_changed":false},"product_cat":[62,82],"product_tag":[],"class_list":["post-3417","product","type-product","status-publish","has-post-thumbnail","hentry","product_cat-tikkurila-boya","product_cat-tikkurila-boya-dis-mekan"],"acf":[],"_links":{"self":[{"href":"https:\/\/www.ilkaytrade.com.tr\/tr\/wp-json\/wp\/v2\/product\/3417","targetHints":{"allow":["GET"]}}],"collection":[{"href":"https:\/\/www.ilkaytrade.com.tr\/tr\/wp-json\/wp\/v2\/product"}],"about":[{"href":"https:\/\/www.ilkaytrade.com.tr\/tr\/wp-json\/wp\/v2\/types\/product"}],"wp:featuredmedia":[{"embeddable":true,"href":"https:\/\/www.ilkaytrade.com.tr\/tr\/wp-json\/wp\/v2\/media\/3418"}],"wp:attachment":[{"href":"https:\/\/www.ilkaytrade.com.tr\/tr\/wp-json\/wp\/v2\/media?parent=3417"}],"wp:term":[{"taxonomy":"product_cat","embeddable":true,"href":"https:\/\/www.ilkaytrade.com.tr\/tr\/wp-json\/wp\/v2\/product_cat?post=3417"},{"taxonomy":"product_tag","embeddable":true,"href":"https:\/\/www.ilkaytrade.com.tr\/tr\/wp-json\/wp\/v2\/product_tag?post=3417"}],"curies":[{"name":"wp","href":"https:\/\/api.w.org\/{rel}","templated":true}]}}