{"id":3415,"date":"2023-08-21T11:28:25","date_gmt":"2023-08-21T11:28:25","guid":{"rendered":"https:\/\/www.ilkaytrade.com.tr\/tr\/?post_type=product&#038;p=3415"},"modified":"2025-08-01T16:22:11","modified_gmt":"2025-08-01T16:22:11","slug":"tikkurila-boya-valtti-plus-terrace-oil","status":"publish","type":"product","link":"https:\/\/www.ilkaytrade.com.tr\/tr\/urun\/tikkurila-boya-valtti-plus-terrace-oil\/","title":{"rendered":"Valtti Plus Terrace Oil"},"content":{"rendered":"","protected":false},"excerpt":{"rendered":"<p>Su Bazl\u0131 Renkli Ah\u015fap Ya\u011f\u0131<\/p>\n<ul>\n<li>Su bazl\u0131, kahverengi-gri ve siyah haz\u0131r renkli, d\u0131\u015f mekan ah\u015fap ya\u011f\u0131<\/li>\n<li>D\u0131\u015f mekanda yeni ve \u00f6nceden uygulama yap\u0131lm\u0131\u015f ah\u015fap y\u00fczeyler i\u00e7in uygundur<\/li>\n<li>Sert ah\u015faplar (tropic), thermowood, emprenyeli ve ham a\u011fa\u00e7lar i\u00e7in uygundur<\/li>\n<li>Y\u00fczey rengi a\u011fa\u00e7 \u00f6zelliklerine g\u00f6re farkl\u0131l\u0131k g\u00f6sterebilir<\/li>\n<li>Uygulama \u00f6ncesi mutlaka deneme yap\u0131lmal\u0131d\u0131r<\/li>\n<li>Ah\u015fap lambri, teras, ah\u015fap zemin kaplamalar\u0131, korkuluklar ve ah\u015fap bah\u00e7e mobilyalar\u0131 i\u00e7in uygundur<\/li>\n<\/ul>\n<p>Detayl\u0131 bilgi i\u00e7in;<\/p>\n<p><a href=\"http:\/\/www.ilkaytrade.com.tr\/tr\/wp-content\/uploads\/2023\/08\/Valtti-PLUS-TERRACE-OIL-TR.pdf\">Tikkurila Boya &#8211; Valtti Plus Terrace Oil (Ah\u015fap Ya\u011f\u0131)<\/a><\/p>\n","protected":false},"featured_media":3416,"template":"","meta":{"_acf_changed":false},"product_cat":[62,82],"product_tag":[],"class_list":["post-3415","product","type-product","status-publish","has-post-thumbnail","hentry","product_cat-tikkurila-boya","product_cat-tikkurila-boya-dis-mekan"],"acf":[],"_links":{"self":[{"href":"https:\/\/www.ilkaytrade.com.tr\/tr\/wp-json\/wp\/v2\/product\/3415","targetHints":{"allow":["GET"]}}],"collection":[{"href":"https:\/\/www.ilkaytrade.com.tr\/tr\/wp-json\/wp\/v2\/product"}],"about":[{"href":"https:\/\/www.ilkaytrade.com.tr\/tr\/wp-json\/wp\/v2\/types\/product"}],"wp:featuredmedia":[{"embeddable":true,"href":"https:\/\/www.ilkaytrade.com.tr\/tr\/wp-json\/wp\/v2\/media\/3416"}],"wp:attachment":[{"href":"https:\/\/www.ilkaytrade.com.tr\/tr\/wp-json\/wp\/v2\/media?parent=3415"}],"wp:term":[{"taxonomy":"product_cat","embeddable":true,"href":"https:\/\/www.ilkaytrade.com.tr\/tr\/wp-json\/wp\/v2\/product_cat?post=3415"},{"taxonomy":"product_tag","embeddable":true,"href":"https:\/\/www.ilkaytrade.com.tr\/tr\/wp-json\/wp\/v2\/product_tag?post=3415"}],"curies":[{"name":"wp","href":"https:\/\/api.w.org\/{rel}","templated":true}]}}