{"id":3413,"date":"2023-08-21T11:25:19","date_gmt":"2023-08-21T11:25:19","guid":{"rendered":"https:\/\/www.ilkaytrade.com.tr\/tr\/?post_type=product&#038;p=3413"},"modified":"2023-12-10T16:26:35","modified_gmt":"2023-12-10T16:26:35","slug":"tikkurila-boya-valtti-plus-complete","status":"publish","type":"product","link":"https:\/\/www.ilkaytrade.com.tr\/tr\/urun\/tikkurila-boya-valtti-plus-complete\/","title":{"rendered":"Valtti Plus Complete"},"content":{"rendered":"<ul>\n<li>D\u0131\u015f mekan ah\u015faplar\u0131 i\u00e7in h\u0131zl\u0131 kuruyan, olduk\u00e7a dayan\u0131kl\u0131 saten vernik<\/li>\n<li>Yenilik\u00e7i \u00dc\u00e7l\u00fc Re\u00e7ine Sistemine dayanan Valtti Plus Complete, ah\u015fap y\u00fczeylere t\u00fcm hava<br \/>\nko\u015fullar\u0131ndan (nem, g\u00fcne\u015f, de\u011fi\u015fken s\u0131cakl\u0131k) en y\u00fcksek d\u00fczeyde diren\u00e7 ve koruma sa\u011flar<\/li>\n<li>Ek olarak Valtti Plus Complete, UV radyasyonunun etkilerine kar\u015f\u0131 daha fazla koruma sa\u011flayan \u00c7ift Bariyerli UV Sistemi i\u00e7erir<\/li>\n<li>Tiksotropik \u00f6zellikleri uygulama kolayl\u0131\u011f\u0131 sa\u011flar, akma ve damlamay\u0131 azalt\u0131r<\/li>\n<li>\u00dcr\u00fcn, ah\u015fab\u0131n do\u011fal g\u00fczelli\u011fini ve yap\u0131s\u0131n\u0131 iyile\u015ftiren \u00e7ok \u00e7e\u015fitli \u00e7ekici ve dayan\u0131kl\u0131 renklerde haz\u0131r tonlarda ve ayr\u0131ca<br \/>\nrenklendirilebilir versiyonda mevcuttur<\/li>\n<\/ul>\n<p>Detayl\u0131 bilgi i\u00e7in;<\/p>\n<p><a href=\"http:\/\/www.ilkaytrade.com.tr\/tr\/wp-content\/uploads\/2023\/08\/Valtti-Plus-Complete-TR.pdf\">Tikkurila Boya &#8211; Valtti Plus Complete Su Bazl\u0131 Ah\u015fap Koruma Verni\u011fi<\/a><\/p>\n<p><a href=\"http:\/\/www.ilkaytrade.com.tr\/tr\/wp-content\/uploads\/2023\/08\/valttipluscomplete-min.pdf\">\u00dcr\u00fcn Bro\u015f\u00fcr\u00fcn\u00fc G\u00f6rmek \u0130\u00e7in T\u0131klay\u0131n\u0131z.<\/a><\/p>\n","protected":false},"excerpt":{"rendered":"<p>Su Bazl\u0131 Ah\u015fap Verni\u011fi<\/p>\n","protected":false},"featured_media":3414,"template":"","meta":{"_acf_changed":false},"product_cat":[62,82],"product_tag":[],"class_list":["post-3413","product","type-product","status-publish","has-post-thumbnail","hentry","product_cat-tikkurila-boya","product_cat-tikkurila-boya-dis-mekan"],"acf":[],"_links":{"self":[{"href":"https:\/\/www.ilkaytrade.com.tr\/tr\/wp-json\/wp\/v2\/product\/3413","targetHints":{"allow":["GET"]}}],"collection":[{"href":"https:\/\/www.ilkaytrade.com.tr\/tr\/wp-json\/wp\/v2\/product"}],"about":[{"href":"https:\/\/www.ilkaytrade.com.tr\/tr\/wp-json\/wp\/v2\/types\/product"}],"wp:featuredmedia":[{"embeddable":true,"href":"https:\/\/www.ilkaytrade.com.tr\/tr\/wp-json\/wp\/v2\/media\/3414"}],"wp:attachment":[{"href":"https:\/\/www.ilkaytrade.com.tr\/tr\/wp-json\/wp\/v2\/media?parent=3413"}],"wp:term":[{"taxonomy":"product_cat","embeddable":true,"href":"https:\/\/www.ilkaytrade.com.tr\/tr\/wp-json\/wp\/v2\/product_cat?post=3413"},{"taxonomy":"product_tag","embeddable":true,"href":"https:\/\/www.ilkaytrade.com.tr\/tr\/wp-json\/wp\/v2\/product_tag?post=3413"}],"curies":[{"name":"wp","href":"https:\/\/api.w.org\/{rel}","templated":true}]}}