{"id":3408,"date":"2023-08-21T10:39:12","date_gmt":"2023-08-21T10:39:12","guid":{"rendered":"https:\/\/www.ilkaytrade.com.tr\/tr\/?post_type=product&#038;p=3408"},"modified":"2025-08-12T12:24:08","modified_gmt":"2025-08-12T12:24:08","slug":"tikkurila-boya-unica-60","status":"publish","type":"product","link":"https:\/\/www.ilkaytrade.com.tr\/tr\/urun\/tikkurila-boya-unica-60\/","title":{"rendered":"Unica Super 60"},"content":{"rendered":"","protected":false},"excerpt":{"rendered":"<p><!-- Font Awesome for modern PDF icons -->\n<link rel=\"stylesheet\" href=\"https:\/\/cdnjs.cloudflare.com\/ajax\/libs\/font-awesome\/6.4.0\/css\/all.min.css\">\n<h3>Yar\u0131-parlak H\u0131zl\u0131 Kuruyan \u00dcretan Alkid Cila<\/h3>\n<ul>\n<li>G\u00fcne\u015f \u0131\u015f\u0131\u011f\u0131n\u0131n neden oldu\u011fu sararma etkisini yava\u015flatan UV koruyucu i\u00e7erir<\/li>\n<li>\u00dcr\u00fcn renklendirildi\u011finde, UV \u0131\u015f\u0131nlar\u0131na kar\u015f\u0131 direnci artar ve g\u00fcne\u015f kaynakl\u0131 bozulmalara kar\u015f\u0131 daha iyi koruma sa\u011flar<\/li>\n<li>\u0130\u00e7 ve d\u0131\u015f mekan t\u00fcm ah\u015fap y\u00fczeyler i\u00e7in uygundur<\/li>\n<\/ul>\n<p><strong>Detayl\u0131 bilgi i\u00e7in:<\/strong><\/p>\n<p><a href=\"http:\/\/www.ilkaytrade.com.tr\/tr\/wp-content\/uploads\/2023\/08\/Unica-Super-60-_-semi-gloss-TR.pdf\" \n   target=\"_blank\" rel=\"noopener noreferrer\"\n   style=\"display:inline-block; background-color:#ff7f27; color:white; padding:10px 16px; border-radius:5px; text-decoration:none; margin:5px 0; font-weight:bold;\"><br \/>\n   <i class=\"fa-solid fa-file-pdf\" style=\"margin-right:8px;\"><\/i> Tikkurila Boya &#8211; Unica 60 Yar\u0131 Parlak Cila (PDF)<br \/>\n<\/a><br \/>\n<br \/>\n<a href=\"http:\/\/www.ilkaytrade.com.tr\/tr\/wp-content\/uploads\/2023\/08\/unicasuper-min.pdf\" \n   target=\"_blank\" rel=\"noopener noreferrer\"\n   style=\"display:inline-block; background-color:#ff7f27; color:white; padding:10px 16px; border-radius:5px; text-decoration:none; margin:5px 0; font-weight:bold;\"><br \/>\n   <i class=\"fa-solid fa-file-pdf\" style=\"margin-right:8px;\"><\/i> \u00dcr\u00fcn Bro\u015f\u00fcr\u00fc (PDF)<br \/>\n<\/a><\/p>\n","protected":false},"featured_media":3409,"template":"","meta":{"_acf_changed":false},"product_cat":[62,82,81],"product_tag":[],"class_list":["post-3408","product","type-product","status-publish","has-post-thumbnail","hentry","product_cat-tikkurila-boya","product_cat-tikkurila-boya-dis-mekan","product_cat-tikkurila-boya-ic-mekan"],"acf":[],"_links":{"self":[{"href":"https:\/\/www.ilkaytrade.com.tr\/tr\/wp-json\/wp\/v2\/product\/3408","targetHints":{"allow":["GET"]}}],"collection":[{"href":"https:\/\/www.ilkaytrade.com.tr\/tr\/wp-json\/wp\/v2\/product"}],"about":[{"href":"https:\/\/www.ilkaytrade.com.tr\/tr\/wp-json\/wp\/v2\/types\/product"}],"wp:featuredmedia":[{"embeddable":true,"href":"https:\/\/www.ilkaytrade.com.tr\/tr\/wp-json\/wp\/v2\/media\/3409"}],"wp:attachment":[{"href":"https:\/\/www.ilkaytrade.com.tr\/tr\/wp-json\/wp\/v2\/media?parent=3408"}],"wp:term":[{"taxonomy":"product_cat","embeddable":true,"href":"https:\/\/www.ilkaytrade.com.tr\/tr\/wp-json\/wp\/v2\/product_cat?post=3408"},{"taxonomy":"product_tag","embeddable":true,"href":"https:\/\/www.ilkaytrade.com.tr\/tr\/wp-json\/wp\/v2\/product_tag?post=3408"}],"curies":[{"name":"wp","href":"https:\/\/api.w.org\/{rel}","templated":true}]}}