{"id":3394,"date":"2023-08-21T10:19:12","date_gmt":"2023-08-21T10:19:12","guid":{"rendered":"https:\/\/www.ilkaytrade.com.tr\/tr\/?post_type=product&#038;p=3394"},"modified":"2025-07-31T21:14:10","modified_gmt":"2025-07-31T21:14:10","slug":"tikkurila-boya-akva-lakka","status":"publish","type":"product","link":"https:\/\/www.ilkaytrade.com.tr\/tr\/urun\/tikkurila-boya-akva-lakka\/","title":{"rendered":"Akva Lakka"},"content":{"rendered":"","protected":false},"excerpt":{"rendered":"<p>Su Bazl\u0131 Kap\u0131 ve Pencere Bak\u0131m Verni\u011fi<\/p>\n<ul>\n<li>Modifiye akrilat bazl\u0131 sararmaz \u00f6zel cila<\/li>\n<li>UV koruyucu i\u00e7erir ve su ge\u00e7irmez bir y\u00fczey olu\u015fturur<\/li>\n<li>End\u00fcstriyel olarak vernikli ve lekeli ah\u015fap y\u00fczeylerin bak\u0131m boyamas\u0131 i\u00e7in idealdir<\/li>\n<li>Me\u015fe gibi yo\u011fun ve sert a\u011fa\u00e7 t\u00fcrleri i\u00e7in \u00f6nerilmez<\/li>\n<\/ul>\n<p>Detayl\u0131 bilgi i\u00e7in;<\/p>\n<p><a href=\"http:\/\/www.ilkaytrade.com.tr\/tr\/wp-content\/uploads\/2023\/08\/UNICA-AKVA-LAKKA-TR.pdf\">Tikkurila Boya &#8211; Akva Lakka Bak\u0131m Verni\u011fi<\/a><\/p>\n","protected":false},"featured_media":3403,"template":"","meta":{"_acf_changed":false},"product_cat":[62,82,81],"product_tag":[],"class_list":["post-3394","product","type-product","status-publish","has-post-thumbnail","hentry","product_cat-tikkurila-boya","product_cat-tikkurila-boya-dis-mekan","product_cat-tikkurila-boya-ic-mekan"],"acf":[],"_links":{"self":[{"href":"https:\/\/www.ilkaytrade.com.tr\/tr\/wp-json\/wp\/v2\/product\/3394","targetHints":{"allow":["GET"]}}],"collection":[{"href":"https:\/\/www.ilkaytrade.com.tr\/tr\/wp-json\/wp\/v2\/product"}],"about":[{"href":"https:\/\/www.ilkaytrade.com.tr\/tr\/wp-json\/wp\/v2\/types\/product"}],"wp:featuredmedia":[{"embeddable":true,"href":"https:\/\/www.ilkaytrade.com.tr\/tr\/wp-json\/wp\/v2\/media\/3403"}],"wp:attachment":[{"href":"https:\/\/www.ilkaytrade.com.tr\/tr\/wp-json\/wp\/v2\/media?parent=3394"}],"wp:term":[{"taxonomy":"product_cat","embeddable":true,"href":"https:\/\/www.ilkaytrade.com.tr\/tr\/wp-json\/wp\/v2\/product_cat?post=3394"},{"taxonomy":"product_tag","embeddable":true,"href":"https:\/\/www.ilkaytrade.com.tr\/tr\/wp-json\/wp\/v2\/product_tag?post=3394"}],"curies":[{"name":"wp","href":"https:\/\/api.w.org\/{rel}","templated":true}]}}