{"id":3389,"date":"2023-08-21T10:04:39","date_gmt":"2023-08-21T10:04:39","guid":{"rendered":"https:\/\/www.ilkaytrade.com.tr\/tr\/?post_type=product&#038;p=3389"},"modified":"2023-12-10T16:31:09","modified_gmt":"2023-12-10T16:31:09","slug":"tikkurila-boya-valtti-wood-oil","status":"publish","type":"product","link":"https:\/\/www.ilkaytrade.com.tr\/tr\/urun\/tikkurila-boya-valtti-wood-oil\/","title":{"rendered":"Valtti Wood-Oil"},"content":{"rendered":"<ul>\n<li>D\u0131\u015f mekan kullan\u0131m\u0131 i\u00e7in solvent bazl\u0131 wax i\u00e7eren ah\u015fap ya\u011f\u0131<\/li>\n<li>Ah\u015fab\u0131 neme ve kire kar\u015f\u0131 korur ve ah\u015fap y\u00fczeylerin \u00e7atlamas\u0131n\u0131 azalt\u0131r<\/li>\n<li>D\u0131\u015f mekanda yeni ve \u00f6nceden uygulama yap\u0131lm\u0131\u015f ah\u015fap y\u00fczeyler i\u00e7in uygundur<\/li>\n<li>Sert ah\u015faplar (tropic), thermowood, emprenyeli ve ham a\u011fa\u00e7lar i\u00e7in uygundur<\/li>\n<li>Ah\u015fap rengini UV ama\u00e7l\u0131 koruma i\u00e7in \u00fcr\u00fcn\u00fcn renklendirilmesi \u00f6nerilir<\/li>\n<\/ul>\n<p>Detayl\u0131 bilgi i\u00e7in;<\/p>\n<p><a href=\"http:\/\/www.ilkaytrade.com.tr\/tr\/wp-content\/uploads\/2023\/08\/TIKKURILA-VALTTI-WOOD-OIL-TR.pdf\">Tikkurila Boya &#8211; Valtti Wood-Oil (Ah\u015fap Ya\u011f\u0131)<\/a><\/p>\n<p><a href=\"http:\/\/www.ilkaytrade.com.tr\/tr\/wp-content\/uploads\/2023\/08\/valttipluswoodoil-min.pdf\">\u00dcr\u00fcn Bro\u015f\u00fcr\u00fcn\u00fc G\u00f6rmek \u0130\u00e7in T\u0131klay\u0131n\u0131z.<\/a><\/p>\n","protected":false},"excerpt":{"rendered":"<p>Renklendirilebilir, D\u0131\u015f Mekan Ah\u015fap Ya\u011f\u0131<\/p>\n","protected":false},"featured_media":3392,"template":"","meta":{"_acf_changed":false},"product_cat":[62,82],"product_tag":[],"class_list":["post-3389","product","type-product","status-publish","has-post-thumbnail","hentry","product_cat-tikkurila-boya","product_cat-tikkurila-boya-dis-mekan"],"acf":[],"_links":{"self":[{"href":"https:\/\/www.ilkaytrade.com.tr\/tr\/wp-json\/wp\/v2\/product\/3389","targetHints":{"allow":["GET"]}}],"collection":[{"href":"https:\/\/www.ilkaytrade.com.tr\/tr\/wp-json\/wp\/v2\/product"}],"about":[{"href":"https:\/\/www.ilkaytrade.com.tr\/tr\/wp-json\/wp\/v2\/types\/product"}],"wp:featuredmedia":[{"embeddable":true,"href":"https:\/\/www.ilkaytrade.com.tr\/tr\/wp-json\/wp\/v2\/media\/3392"}],"wp:attachment":[{"href":"https:\/\/www.ilkaytrade.com.tr\/tr\/wp-json\/wp\/v2\/media?parent=3389"}],"wp:term":[{"taxonomy":"product_cat","embeddable":true,"href":"https:\/\/www.ilkaytrade.com.tr\/tr\/wp-json\/wp\/v2\/product_cat?post=3389"},{"taxonomy":"product_tag","embeddable":true,"href":"https:\/\/www.ilkaytrade.com.tr\/tr\/wp-json\/wp\/v2\/product_tag?post=3389"}],"curies":[{"name":"wp","href":"https:\/\/api.w.org\/{rel}","templated":true}]}}