{"id":3385,"date":"2023-08-21T09:56:17","date_gmt":"2023-08-21T09:56:17","guid":{"rendered":"https:\/\/www.ilkaytrade.com.tr\/tr\/?post_type=product&#038;p=3385"},"modified":"2025-08-01T16:25:19","modified_gmt":"2025-08-01T16:25:19","slug":"tikkurilla-boya-valtti-primer-astar","status":"publish","type":"product","link":"https:\/\/www.ilkaytrade.com.tr\/tr\/urun\/tikkurilla-boya-valtti-primer-astar\/","title":{"rendered":"Valtti Primer Astar"},"content":{"rendered":"","protected":false},"excerpt":{"rendered":"<p>D\u0131\u015f cephe ah\u015fap y\u00fczeyler i\u00e7in renksiz ya\u011f bazl\u0131 astar<\/p>\n<ul>\n<li>T\u00fcm d\u0131\u015f cephe ah\u015fap y\u00fczeylerde boya yada vernik uygulamas\u0131 \u00f6ncesi i\u00e7in uygun astar<\/li>\n<li>Valtti Base UV korumas\u0131 olmad\u0131\u011f\u0131ndan \u00f6t\u00fcr\u00fc uygulama sonras\u0131 mutlaka renkli vernik uygulanmal\u0131d\u0131r<\/li>\n<\/ul>\n<p>Detayl\u0131 bilgi i\u00e7in;<\/p>\n<p><a href=\"http:\/\/www.ilkaytrade.com.tr\/tr\/wp-content\/uploads\/2023\/08\/Tikkurila-Valtti-PRIMER-Pohjuste-TR.pdf\">Tikkurilla Boya &#8211; Valtti Primer Astar (Pohjuste) <\/a><\/p>\n","protected":false},"featured_media":3388,"template":"","meta":{"_acf_changed":false},"product_cat":[62,82],"product_tag":[],"class_list":["post-3385","product","type-product","status-publish","has-post-thumbnail","hentry","product_cat-tikkurila-boya","product_cat-tikkurila-boya-dis-mekan"],"acf":[],"_links":{"self":[{"href":"https:\/\/www.ilkaytrade.com.tr\/tr\/wp-json\/wp\/v2\/product\/3385","targetHints":{"allow":["GET"]}}],"collection":[{"href":"https:\/\/www.ilkaytrade.com.tr\/tr\/wp-json\/wp\/v2\/product"}],"about":[{"href":"https:\/\/www.ilkaytrade.com.tr\/tr\/wp-json\/wp\/v2\/types\/product"}],"wp:featuredmedia":[{"embeddable":true,"href":"https:\/\/www.ilkaytrade.com.tr\/tr\/wp-json\/wp\/v2\/media\/3388"}],"wp:attachment":[{"href":"https:\/\/www.ilkaytrade.com.tr\/tr\/wp-json\/wp\/v2\/media?parent=3385"}],"wp:term":[{"taxonomy":"product_cat","embeddable":true,"href":"https:\/\/www.ilkaytrade.com.tr\/tr\/wp-json\/wp\/v2\/product_cat?post=3385"},{"taxonomy":"product_tag","embeddable":true,"href":"https:\/\/www.ilkaytrade.com.tr\/tr\/wp-json\/wp\/v2\/product_tag?post=3385"}],"curies":[{"name":"wp","href":"https:\/\/api.w.org\/{rel}","templated":true}]}}