{"id":3375,"date":"2023-08-21T09:49:56","date_gmt":"2023-08-21T09:49:56","guid":{"rendered":"https:\/\/www.ilkaytrade.com.tr\/tr\/?post_type=product&#038;p=3375"},"modified":"2025-08-01T20:19:06","modified_gmt":"2025-08-01T20:19:06","slug":"tikkurila-boya-ultra-classic","status":"publish","type":"product","link":"https:\/\/www.ilkaytrade.com.tr\/tr\/urun\/tikkurila-boya-ultra-classic\/","title":{"rendered":"Ultra Classic"},"content":{"rendered":"","protected":false},"excerpt":{"rendered":"<p>Y\u00fcksek Dayan\u0131ml\u0131 D\u0131\u015f Cephe Ah\u015fap Boyas\u0131<\/p>\n<ul>\n<li>D\u0131\u015f cephe ah\u015fap cepheler ve su kontraplaklar\u0131 i\u00e7in uygundur<\/li>\n<li>\n<p data-start=\"506\" data-end=\"598\">Yenileme projelerinde y\u00fczeye m\u00fckemmel yap\u0131\u015f\u0131r, renkler dengeli ve kal\u0131c\u0131 \u015fekilde oturur.<\/p>\n<\/li>\n<li>\n<p data-start=\"263\" data-end=\"367\">Eski ve boyal\u0131 y\u00fczeylere m\u00fckemmel tutunur, \u00fcst\u00fcn kapat\u0131c\u0131l\u0131\u011f\u0131yla yenileme i\u015flemlerini kolayla\u015ft\u0131r\u0131r.<\/p>\n<\/li>\n<li>\n<p data-start=\"171\" data-end=\"252\">Zorlu hava ko\u015fullar\u0131na ve end\u00fcstriyel ortamlara kar\u015f\u0131 y\u00fcksek diren\u00e7 g\u00f6sterir.<\/p>\n<\/li>\n<\/ul>\n<p>Detayl\u0131 bilgi i\u00e7in;<\/p>\n<p><a href=\"http:\/\/www.ilkaytrade.com.tr\/tr\/wp-content\/uploads\/2023\/08\/Tikkurila-Ultra-CLASSIC-TR.pdf\">Tikkurila Boya &#8211; Ultra Classic<\/a><\/p>\n<p><a href=\"http:\/\/www.ilkaytrade.com.tr\/tr\/wp-content\/uploads\/2023\/08\/ultraclassic-min.pdf\">\u00dcr\u00fcn Bro\u015f\u00fcr\u00fcn\u00fc G\u00f6rmek \u0130\u00e7in T\u0131klay\u0131n\u0131z.<\/a><\/p>\n","protected":false},"featured_media":3377,"template":"","meta":{"_acf_changed":false},"product_cat":[62,82],"product_tag":[],"class_list":["post-3375","product","type-product","status-publish","has-post-thumbnail","hentry","product_cat-tikkurila-boya","product_cat-tikkurila-boya-dis-mekan"],"acf":[],"_links":{"self":[{"href":"https:\/\/www.ilkaytrade.com.tr\/tr\/wp-json\/wp\/v2\/product\/3375","targetHints":{"allow":["GET"]}}],"collection":[{"href":"https:\/\/www.ilkaytrade.com.tr\/tr\/wp-json\/wp\/v2\/product"}],"about":[{"href":"https:\/\/www.ilkaytrade.com.tr\/tr\/wp-json\/wp\/v2\/types\/product"}],"wp:featuredmedia":[{"embeddable":true,"href":"https:\/\/www.ilkaytrade.com.tr\/tr\/wp-json\/wp\/v2\/media\/3377"}],"wp:attachment":[{"href":"https:\/\/www.ilkaytrade.com.tr\/tr\/wp-json\/wp\/v2\/media?parent=3375"}],"wp:term":[{"taxonomy":"product_cat","embeddable":true,"href":"https:\/\/www.ilkaytrade.com.tr\/tr\/wp-json\/wp\/v2\/product_cat?post=3375"},{"taxonomy":"product_tag","embeddable":true,"href":"https:\/\/www.ilkaytrade.com.tr\/tr\/wp-json\/wp\/v2\/product_tag?post=3375"}],"curies":[{"name":"wp","href":"https:\/\/api.w.org\/{rel}","templated":true}]}}