{"id":3373,"date":"2023-08-21T09:33:17","date_gmt":"2023-08-21T09:33:17","guid":{"rendered":"https:\/\/www.ilkaytrade.com.tr\/tr\/?post_type=product&#038;p=3373"},"modified":"2023-12-10T15:42:36","modified_gmt":"2023-12-10T15:42:36","slug":"tikkurila-boya-optiva-colour","status":"publish","type":"product","link":"https:\/\/www.ilkaytrade.com.tr\/tr\/urun\/tikkurila-boya-optiva-colour\/","title":{"rendered":"Optiva Colour"},"content":{"rendered":"<ul>\n<li>Su bazl\u0131, tam mat, akrilik, lateks boya<\/li>\n<li>Konutlarda, ofislerde ve kamu hizmet binalar\u0131nda, okullarda ve sa\u011fl\u0131k tesislerinde (hastaneler, okullar, kre\u015fler), \u00e7al\u0131\u015fma evlerinde ve \u00fcretim tesislerinde, ayr\u0131ca do\u011frudan g\u0131da temas\u0131 olmayan end\u00fcstriyel tesislerinin i\u00e7 duvarlar\u0131n ve tavanlar\u0131n dekoratif boyanmas\u0131 i\u00e7in uygundur<\/li>\n<li>Renklendirme i\u00e7in uygundur<\/li>\n<\/ul>\n<p>Detayl\u0131 bilgi i\u00e7in;<\/p>\n<p><a href=\"http:\/\/www.ilkaytrade.com.tr\/tr\/wp-content\/uploads\/2023\/08\/Tikkurila-OPTIVA-COLOR-TR.pdf\">Tikkurila Boya &#8211; Optiva Colour <\/a><\/p>\n","protected":false},"excerpt":{"rendered":"<p>Su bazl\u0131, tam mat, akrilik, lateks boya<\/p>\n","protected":false},"featured_media":3374,"template":"","meta":{"_acf_changed":false},"product_cat":[62,81],"product_tag":[],"class_list":["post-3373","product","type-product","status-publish","has-post-thumbnail","hentry","product_cat-tikkurila-boya","product_cat-tikkurila-boya-ic-mekan"],"acf":[],"_links":{"self":[{"href":"https:\/\/www.ilkaytrade.com.tr\/tr\/wp-json\/wp\/v2\/product\/3373","targetHints":{"allow":["GET"]}}],"collection":[{"href":"https:\/\/www.ilkaytrade.com.tr\/tr\/wp-json\/wp\/v2\/product"}],"about":[{"href":"https:\/\/www.ilkaytrade.com.tr\/tr\/wp-json\/wp\/v2\/types\/product"}],"wp:featuredmedia":[{"embeddable":true,"href":"https:\/\/www.ilkaytrade.com.tr\/tr\/wp-json\/wp\/v2\/media\/3374"}],"wp:attachment":[{"href":"https:\/\/www.ilkaytrade.com.tr\/tr\/wp-json\/wp\/v2\/media?parent=3373"}],"wp:term":[{"taxonomy":"product_cat","embeddable":true,"href":"https:\/\/www.ilkaytrade.com.tr\/tr\/wp-json\/wp\/v2\/product_cat?post=3373"},{"taxonomy":"product_tag","embeddable":true,"href":"https:\/\/www.ilkaytrade.com.tr\/tr\/wp-json\/wp\/v2\/product_tag?post=3373"}],"curies":[{"name":"wp","href":"https:\/\/api.w.org\/{rel}","templated":true}]}}