{"id":3369,"date":"2023-08-21T09:29:33","date_gmt":"2023-08-21T09:29:33","guid":{"rendered":"https:\/\/www.ilkaytrade.com.tr\/tr\/?post_type=product&#038;p=3369"},"modified":"2023-12-10T15:42:41","modified_gmt":"2023-12-10T15:42:41","slug":"tikkurila-boya-nova-20","status":"publish","type":"product","link":"https:\/\/www.ilkaytrade.com.tr\/tr\/urun\/tikkurila-boya-nova-20\/","title":{"rendered":"Nova 20"},"content":{"rendered":"<ul>\n<li>Beton, s\u0131va, dolgu, al\u00e7\u0131pan, sunta ve ah\u015fap sunta y\u00fczeylerin ilk uygulama ve bak\u0131m boyalar\u0131n\u0131n talimatlara uygun olarak yap\u0131lmas\u0131na uygundur<\/li>\n<li>\u00dcr\u00fcn LEED, BREEAM sertifikal\u0131 binalarda ve Swan eko etiketli binalarda kullan\u0131labilir<\/li>\n<li>Geni\u015f renk yelpazesine sahiptir<\/li>\n<li>Kuru i\u00e7 mekanlarda duvar ve tavan y\u00fczeyleri; \u00d6rne\u011fin. ya\u015fam alanlar\u0131, mutfaklar, ofis ve hafif kullan\u0131ml\u0131 kamusal alanlar, kullan\u0131m alanlar\u0131d\u0131r<\/li>\n<\/ul>\n<p>Detayl\u0131 bilgi i\u00e7in;<\/p>\n<p><a href=\"http:\/\/www.ilkaytrade.com.tr\/tr\/wp-content\/uploads\/2023\/08\/Tikkurila-NOVA-20-Renovasyon-Boyasi.pdf\">Tikkurila Boya &#8211; Nova 20 Renovasyon Boyas\u0131<\/a><\/p>\n","protected":false},"excerpt":{"rendered":"<p>Renovasyon Boyas\u0131<\/p>\n<p>Profesyonel i\u00e7 mekan boyama i\u00e7in su bazl\u0131, solvent i\u00e7ermeyen dispersiyon boya<\/p>\n<p>\u0130skandinav eko etiketli yar\u0131 mat yenileme boyas\u0131<\/p>\n","protected":false},"featured_media":3372,"template":"","meta":{"_acf_changed":false},"product_cat":[62,81],"product_tag":[],"class_list":["post-3369","product","type-product","status-publish","has-post-thumbnail","hentry","product_cat-tikkurila-boya","product_cat-tikkurila-boya-ic-mekan"],"acf":[],"_links":{"self":[{"href":"https:\/\/www.ilkaytrade.com.tr\/tr\/wp-json\/wp\/v2\/product\/3369","targetHints":{"allow":["GET"]}}],"collection":[{"href":"https:\/\/www.ilkaytrade.com.tr\/tr\/wp-json\/wp\/v2\/product"}],"about":[{"href":"https:\/\/www.ilkaytrade.com.tr\/tr\/wp-json\/wp\/v2\/types\/product"}],"wp:featuredmedia":[{"embeddable":true,"href":"https:\/\/www.ilkaytrade.com.tr\/tr\/wp-json\/wp\/v2\/media\/3372"}],"wp:attachment":[{"href":"https:\/\/www.ilkaytrade.com.tr\/tr\/wp-json\/wp\/v2\/media?parent=3369"}],"wp:term":[{"taxonomy":"product_cat","embeddable":true,"href":"https:\/\/www.ilkaytrade.com.tr\/tr\/wp-json\/wp\/v2\/product_cat?post=3369"},{"taxonomy":"product_tag","embeddable":true,"href":"https:\/\/www.ilkaytrade.com.tr\/tr\/wp-json\/wp\/v2\/product_tag?post=3369"}],"curies":[{"name":"wp","href":"https:\/\/api.w.org\/{rel}","templated":true}]}}