{"id":3367,"date":"2023-08-21T09:25:58","date_gmt":"2023-08-21T09:25:58","guid":{"rendered":"https:\/\/www.ilkaytrade.com.tr\/tr\/?post_type=product&#038;p=3367"},"modified":"2025-08-12T13:30:28","modified_gmt":"2025-08-12T13:30:28","slug":"tikkurila-boya-nova-2","status":"publish","type":"product","link":"https:\/\/www.ilkaytrade.com.tr\/tr\/urun\/tikkurila-boya-nova-2\/","title":{"rendered":"Nova 2"},"content":{"rendered":"","protected":false},"excerpt":{"rendered":"<ul>\n<li>Beton, s\u0131va, dolgu, al\u00e7\u0131pan, sunta ve ah\u015fap sunta y\u00fczeylerin talimatlara g\u00f6re boyanmas\u0131 i\u00e7in uygundur.<\/li>\n<li>\u00c7inko kapl\u0131 klima kanallar\u0131n\u0131n boyanmas\u0131 i\u00e7in de uygundur.<\/li>\n<li>\u00dcr\u00fcn LEED, BREEAM sertifikal\u0131 binalarda ve Swan eko etiketli binalarda kullan\u0131labilir.<\/li>\n<li>Kuru i\u00e7 mekanlarda duvarlar ve tavanlar i\u00e7in kullan\u0131ma uygundur.<\/li>\n<\/ul>\n<p style=\"text-align:center; margin-top:12px;\">Detayl\u0131 bilgi i\u00e7in;<\/p>\n<p style=\"text-align:center;\">\n  <a href=\"http:\/\/www.ilkaytrade.com.tr\/tr\/wp-content\/uploads\/2023\/08\/Tikkurila-NOVA-2-Astar-ve-Tavan-Boyasi.pdf\"\n     target=\"_blank\" rel=\"noopener noreferrer\"\n     style=\"display:inline-flex; align-items:center; background-color:#ff7f27; color:#fff; padding:10px 16px; border-radius:5px; text-decoration:none; font-weight:bold;\"><br \/>\n    <img decoding=\"async\" src=\"https:\/\/cdn-icons-png.flaticon.com\/512\/337\/337946.png\" alt=\"PDF\" style=\"width:20px; height:20px; margin-right:8px;\"><br \/>\n    Tikkurila Boya \u2013 Nova 2 Astar ve Tavan Boyas\u0131 (PDF)<br \/>\n  <\/a><\/p>\n","protected":false},"featured_media":3368,"template":"","meta":{"_acf_changed":false},"product_cat":[62,81],"product_tag":[],"class_list":["post-3367","product","type-product","status-publish","has-post-thumbnail","hentry","product_cat-tikkurila-boya","product_cat-tikkurila-boya-ic-mekan"],"acf":[],"_links":{"self":[{"href":"https:\/\/www.ilkaytrade.com.tr\/tr\/wp-json\/wp\/v2\/product\/3367","targetHints":{"allow":["GET"]}}],"collection":[{"href":"https:\/\/www.ilkaytrade.com.tr\/tr\/wp-json\/wp\/v2\/product"}],"about":[{"href":"https:\/\/www.ilkaytrade.com.tr\/tr\/wp-json\/wp\/v2\/types\/product"}],"wp:featuredmedia":[{"embeddable":true,"href":"https:\/\/www.ilkaytrade.com.tr\/tr\/wp-json\/wp\/v2\/media\/3368"}],"wp:attachment":[{"href":"https:\/\/www.ilkaytrade.com.tr\/tr\/wp-json\/wp\/v2\/media?parent=3367"}],"wp:term":[{"taxonomy":"product_cat","embeddable":true,"href":"https:\/\/www.ilkaytrade.com.tr\/tr\/wp-json\/wp\/v2\/product_cat?post=3367"},{"taxonomy":"product_tag","embeddable":true,"href":"https:\/\/www.ilkaytrade.com.tr\/tr\/wp-json\/wp\/v2\/product_tag?post=3367"}],"curies":[{"name":"wp","href":"https:\/\/api.w.org\/{rel}","templated":true}]}}