{"id":3365,"date":"2023-08-21T09:18:31","date_gmt":"2023-08-21T09:18:31","guid":{"rendered":"https:\/\/www.ilkaytrade.com.tr\/tr\/?post_type=product&#038;p=3365"},"modified":"2023-12-10T15:43:02","modified_gmt":"2023-12-10T15:43:02","slug":"tikkurila-boya-muja-moisture-stop-nem-bariyeri","status":"publish","type":"product","link":"https:\/\/www.ilkaytrade.com.tr\/tr\/urun\/tikkurila-boya-muja-moisture-stop-nem-bariyeri\/","title":{"rendered":"Muja Moisture Stop (Nem Bariyeri)"},"content":{"rendered":"<ul>\n<li>\u0130\u00e7 mekan kullan\u0131m\u0131 i\u00e7in uygundur<\/li>\n<li>Tikkurila Presto LV Nemli Oda Dolgusu ve \u00e7e\u015fitli panolar, cam elyaf duvar panelleri ve ka\u011f\u0131tlar\u0131 ile i\u015flenmi\u015f y\u00fczeyler i\u00e7in uygundur<\/li>\n<li>T\u00fcm i\u00e7 mekan duvar ve tavanlar i\u00e7in uygundur<\/li>\n<\/ul>\n<p>Detayl\u0131 bilgi i\u00e7in;<\/p>\n<p><a href=\"http:\/\/www.ilkaytrade.com.tr\/tr\/wp-content\/uploads\/2023\/08\/Tikkurila-Luja-Moisture-Stop-Nem-Bariyeri.pdf\">Tikkurila Boya &#8211; Luja Moisture Stop (Nem Bariyeri)<\/a><\/p>\n","protected":false},"excerpt":{"rendered":"<p>Su Bazl\u0131 y\u00fcksek yal\u0131t\u0131ml\u0131 nem bariyer boyas\u0131<\/p>\n","protected":false},"featured_media":3366,"template":"","meta":{"_acf_changed":false},"product_cat":[62],"product_tag":[],"class_list":["post-3365","product","type-product","status-publish","has-post-thumbnail","hentry","product_cat-tikkurila-boya"],"acf":[],"_links":{"self":[{"href":"https:\/\/www.ilkaytrade.com.tr\/tr\/wp-json\/wp\/v2\/product\/3365","targetHints":{"allow":["GET"]}}],"collection":[{"href":"https:\/\/www.ilkaytrade.com.tr\/tr\/wp-json\/wp\/v2\/product"}],"about":[{"href":"https:\/\/www.ilkaytrade.com.tr\/tr\/wp-json\/wp\/v2\/types\/product"}],"wp:featuredmedia":[{"embeddable":true,"href":"https:\/\/www.ilkaytrade.com.tr\/tr\/wp-json\/wp\/v2\/media\/3366"}],"wp:attachment":[{"href":"https:\/\/www.ilkaytrade.com.tr\/tr\/wp-json\/wp\/v2\/media?parent=3365"}],"wp:term":[{"taxonomy":"product_cat","embeddable":true,"href":"https:\/\/www.ilkaytrade.com.tr\/tr\/wp-json\/wp\/v2\/product_cat?post=3365"},{"taxonomy":"product_tag","embeddable":true,"href":"https:\/\/www.ilkaytrade.com.tr\/tr\/wp-json\/wp\/v2\/product_tag?post=3365"}],"curies":[{"name":"wp","href":"https:\/\/api.w.org\/{rel}","templated":true}]}}