{"id":3363,"date":"2023-08-21T09:13:41","date_gmt":"2023-08-21T09:13:41","guid":{"rendered":"https:\/\/www.ilkaytrade.com.tr\/tr\/?post_type=product&#038;p=3363"},"modified":"2023-12-10T15:43:07","modified_gmt":"2023-12-10T15:43:07","slug":"tikkurila-boya-kivitex","status":"publish","type":"product","link":"https:\/\/www.ilkaytrade.com.tr\/tr\/urun\/tikkurila-boya-kivitex\/","title":{"rendered":"Kivitex"},"content":{"rendered":"<ul>\n<li><span class=\"OYPEnA text-decoration-none text-strikethrough-none\">Solvent, biyosit ve koruyucular i\u00e7ermez<\/span><\/li>\n<li><span class=\"OYPEnA text-decoration-none text-strikethrough-none\">Y\u00fcksek buhar ge\u00e7irgenli\u011fi nefes ald\u0131r\u0131r<\/span><\/li>\n<li><span class=\"OYPEnA text-decoration-none text-strikethrough-none\">Yanmaz<\/span><\/li>\n<li><span class=\"OYPEnA text-decoration-none text-strikethrough-none\">Do\u011fal alkalilik yosun ve k\u00fcf olu\u015fumunu \u00f6nler<\/span><\/li>\n<li><span class=\"OYPEnA text-decoration-none text-strikethrough-none\">Tam mat<\/span><\/li>\n<li><span class=\"OYPEnA text-decoration-none text-strikethrough-none\">Geni\u015f renk se\u00e7ene\u011fi<\/span><\/li>\n<li><span class=\"OYPEnA text-decoration-none text-strikethrough-none\">Konut, ticari, end\u00fcstriyel ve depolama binalar\u0131 ve di\u011ferleri. Hava sald\u0131r\u0131s\u0131 s\u0131\u011f\u0131naklar\u0131, su kuleleri, alt ge\u00e7itler vb. gibi \u00f6zel alanlar i\u00e7in de uygundur<\/span><\/li>\n<\/ul>\n<p>Detayl\u0131 bilgi i\u00e7in;<\/p>\n<p><a href=\"http:\/\/www.ilkaytrade.com.tr\/tr\/wp-content\/uploads\/2023\/08\/Tikkurila-Kivitex-Silikat-Boya.pdf\">Tikkurila Boya &#8211; Kivitex Silikat Boya<\/a><\/p>\n","protected":false},"excerpt":{"rendered":"<p>\u0130norganik, potasyum silikat esasl\u0131, tek bile\u015fenli silikat boya<\/p>\n","protected":false},"featured_media":3364,"template":"","meta":{"_acf_changed":false},"product_cat":[62,82],"product_tag":[],"class_list":["post-3363","product","type-product","status-publish","has-post-thumbnail","hentry","product_cat-tikkurila-boya","product_cat-tikkurila-boya-dis-mekan"],"acf":[],"_links":{"self":[{"href":"https:\/\/www.ilkaytrade.com.tr\/tr\/wp-json\/wp\/v2\/product\/3363","targetHints":{"allow":["GET"]}}],"collection":[{"href":"https:\/\/www.ilkaytrade.com.tr\/tr\/wp-json\/wp\/v2\/product"}],"about":[{"href":"https:\/\/www.ilkaytrade.com.tr\/tr\/wp-json\/wp\/v2\/types\/product"}],"wp:featuredmedia":[{"embeddable":true,"href":"https:\/\/www.ilkaytrade.com.tr\/tr\/wp-json\/wp\/v2\/media\/3364"}],"wp:attachment":[{"href":"https:\/\/www.ilkaytrade.com.tr\/tr\/wp-json\/wp\/v2\/media?parent=3363"}],"wp:term":[{"taxonomy":"product_cat","embeddable":true,"href":"https:\/\/www.ilkaytrade.com.tr\/tr\/wp-json\/wp\/v2\/product_cat?post=3363"},{"taxonomy":"product_tag","embeddable":true,"href":"https:\/\/www.ilkaytrade.com.tr\/tr\/wp-json\/wp\/v2\/product_tag?post=3363"}],"curies":[{"name":"wp","href":"https:\/\/api.w.org\/{rel}","templated":true}]}}