{"id":3360,"date":"2023-08-21T09:09:15","date_gmt":"2023-08-21T09:09:15","guid":{"rendered":"https:\/\/www.ilkaytrade.com.tr\/tr\/?post_type=product&#038;p=3360"},"modified":"2023-12-10T15:43:14","modified_gmt":"2023-12-10T15:43:14","slug":"tikkurila-boya-kivitex-astar","status":"publish","type":"product","link":"https:\/\/www.ilkaytrade.com.tr\/tr\/urun\/tikkurila-boya-kivitex-astar\/","title":{"rendered":"Kivitex Astar"},"content":{"rendered":"<ul>\n<li><span class=\"OYPEnA text-decoration-none text-strikethrough-none\">D\u0131\u015f cephelerde Kivitex Pohjuste kullan\u0131lmas\u0131 \u00f6nerilir<\/span><\/li>\n<li><span class=\"OYPEnA text-decoration-none text-strikethrough-none\">M1 Yap\u0131 Emisyon Sertifikas\u0131na sahiptir<\/span><\/li>\n<li><span class=\"OYPEnA text-decoration-none text-strikethrough-none\">Y\u00fczeyi g\u00fc\u00e7lendirir<\/span><\/li>\n<li><span class=\"OYPEnA text-decoration-none text-strikethrough-none\">Son kat boya t\u00fcketimini azalt\u0131r<\/span><\/li>\n<\/ul>\n<p>Detayl\u0131 bilgi i\u00e7in;<\/p>\n<p><a href=\"http:\/\/www.ilkaytrade.com.tr\/tr\/wp-content\/uploads\/2023\/08\/Tikkurila-Kivitex-Astar.pdf\">Tikkurila Boya &#8211; Kivitex Astar<\/a><\/p>\n","protected":false},"excerpt":{"rendered":"<p>Silikat boya ile boyanmadan \u00f6nce cepheler i\u00e7in inorganik, potasyum silikat esasl\u0131 astar<\/p>\n","protected":false},"featured_media":3361,"template":"","meta":{"_acf_changed":false},"product_cat":[62,82],"product_tag":[],"class_list":["post-3360","product","type-product","status-publish","has-post-thumbnail","hentry","product_cat-tikkurila-boya","product_cat-tikkurila-boya-dis-mekan"],"acf":[],"_links":{"self":[{"href":"https:\/\/www.ilkaytrade.com.tr\/tr\/wp-json\/wp\/v2\/product\/3360","targetHints":{"allow":["GET"]}}],"collection":[{"href":"https:\/\/www.ilkaytrade.com.tr\/tr\/wp-json\/wp\/v2\/product"}],"about":[{"href":"https:\/\/www.ilkaytrade.com.tr\/tr\/wp-json\/wp\/v2\/types\/product"}],"wp:featuredmedia":[{"embeddable":true,"href":"https:\/\/www.ilkaytrade.com.tr\/tr\/wp-json\/wp\/v2\/media\/3361"}],"wp:attachment":[{"href":"https:\/\/www.ilkaytrade.com.tr\/tr\/wp-json\/wp\/v2\/media?parent=3360"}],"wp:term":[{"taxonomy":"product_cat","embeddable":true,"href":"https:\/\/www.ilkaytrade.com.tr\/tr\/wp-json\/wp\/v2\/product_cat?post=3360"},{"taxonomy":"product_tag","embeddable":true,"href":"https:\/\/www.ilkaytrade.com.tr\/tr\/wp-json\/wp\/v2\/product_tag?post=3360"}],"curies":[{"name":"wp","href":"https:\/\/api.w.org\/{rel}","templated":true}]}}